{"id":940,"date":"2020-09-27T11:56:17","date_gmt":"2020-09-27T09:56:17","guid":{"rendered":"http:\/\/ofoto.lt\/?page_id=940"},"modified":"2023-09-12T06:18:14","modified_gmt":"2023-09-12T04:18:14","slug":"adeles-krikstynos-petro-ir-povilo-baznycioje-panevezyje","status":"publish","type":"page","link":"https:\/\/ofoto.lt\/?page_id=940","title":{"rendered":"Adel\u0117. \u0160v. apa\u0161tal\u0173 Petro ir Povilo ba\u017eny\u010dia, Panev\u0117\u017eys"},"content":{"rendered":"<style>#jtg-918 .modula-item .jtg-social a, .lightbox-socials.jtg-social a{ color: #ffffff }#jtg-918 .modula-item .jtg-social svg, .lightbox-socials.jtg-social svg { height: 16px; width: 16px }#jtg-918 .modula-item .jtg-social a:not(:last-child), .lightbox-socials.jtg-social a:not(:last-child) { margin-right: 10px }#jtg-918 .modula-item .caption { background-color: #ffffff;  }#jtg-918 .modula-item .figc {color:#ffffff;}#jtg-918 .modula-item .modula-item-content { transform: scale(1) }#jtg-918 { width:100%;}#jtg-918 .modula-items .figc p.description { font-size:14px; }#jtg-918 .modula-items .figc p.description { color:#ffffff;}#jtg-918 .modula-items .figc .jtg-title { color:#ffffff; }#jtg-918 .modula-item > .modula-item-content > a { cursor:zoom-in; } @media screen and (max-width:480px){#jtg-918 .modula-item .figc .jtg-title {  font-size: 12px; }#jtg-918 .modula-items .figc p.description { color:#ffffff;font-size:10px; }}<\/style>\n<!-- Gallery Container -->\n<div  id=\"jtg-918\" class=\"modula modula-gallery modula-columns\" data-config=\"{&quot;enableTwitter&quot;:false,&quot;enableWhatsapp&quot;:false,&quot;enableFacebook&quot;:false,&quot;enablePinterest&quot;:false,&quot;enableLinkedin&quot;:false,&quot;randomFactor&quot;:0.5,&quot;type&quot;:&quot;grid&quot;,&quot;columns&quot;:12,&quot;gutter&quot;:10,&quot;enableResponsive&quot;:&quot;0&quot;,&quot;tabletColumns&quot;:&quot;2&quot;,&quot;mobileColumns&quot;:&quot;1&quot;,&quot;lazyLoad&quot;:&quot;1&quot;,&quot;lightboxOpts&quot;:{&quot;loop&quot;:false,&quot;arrows&quot;:true,&quot;toolbar&quot;:true,&quot;keyboard&quot;:false,&quot;wheel&quot;:false,&quot;buttons&quot;:[&quot;close&quot;],&quot;hash&quot;:false,&quot;lang&quot;:&quot;en&quot;,&quot;touch&quot;:false,&quot;protect&quot;:false,&quot;i18n&quot;:{&quot;en&quot;:{&quot;CLOSE&quot;:&quot;Close&quot;,&quot;NEXT&quot;:&quot;Next&quot;,&quot;PREV&quot;:&quot;Previous&quot;,&quot;Error&quot;:&quot;The requested content cannot be loaded. Please try again later.&quot;,&quot;PLAY_START&quot;:&quot;Start slideshow&quot;,&quot;PLAY_STOP&quot;:&quot;Pause slideshow&quot;,&quot;FULL_SCREEN&quot;:&quot;Full screen&quot;,&quot;THUMBS&quot;:&quot;Thumbnails&quot;,&quot;DOWNLOAD&quot;:&quot;Download&quot;,&quot;SHARE&quot;:&quot;Share&quot;,&quot;ZOOM&quot;:&quot;Zoom&quot;}},&quot;clickSlide&quot;:false,&quot;clickOutside&quot;:false,&quot;dblclickContent&quot;:false,&quot;dblclickSlide&quot;:false,&quot;dblclickOutside&quot;:false,&quot;clickContent&quot;:false},&quot;inView&quot;:false,&quot;grid_type&quot;:&quot;automatic&quot;,&quot;rowHeight&quot;:150,&quot;lastRow&quot;:&quot;justify&quot;,&quot;lightbox&quot;:&quot;fancybox&quot;}\">\n\n\t\n\t<!-- Items Container -->\n\t<div  class=\"modula-items grid-gallery\">\n\t\t<div class=\"modula-item effect-pufrobo\" >\n\t<div class=\"modula-item-overlay\"><\/div>\n\n\t<div class=\"modula-item-content\">\n\n\t\t\t\t\n\t\t\t\t\t<a href=\"https:\/\/ofoto.lt\/wp-content\/uploads\/2026\/02\/DSC_3941-2026-1.jpg\" rel=\"jtg-918\" data-caption=\"Adel\u0117s krik\u0161tynos. Pasiruo\u0161imas namuose, Panev\u0117\u017eys, 2020 m.\" class=\"tile-inner modula-item-link\"><\/a>\n\t\t\n\t\t\n\t\t<img decoding=\"async\" class='pic' data-valign=\"middle\" data-halign=\"center\" alt=\"\" src=\"https:\/\/ofoto.lt\/wp-content\/uploads\/2026\/02\/DSC_3941-2026-1-1024x683.jpg\" data-src=\"https:\/\/ofoto.lt\/wp-content\/uploads\/2026\/02\/DSC_3941-2026-1-1024x683.jpg\"\/>\n\n\t\t\n\t\t<div class=\"figc\">\n\t\t\t<div class=\"figc-inner\">\n\t\t\t\t\t\t\t\t\t\t\t\t\t\t\t\t<div class=\"jtg-social\">\n\t\t\t\t\t\t\t\t\t\t\t\t\t\t\t\t\t\t\t\t\t\t\t\t\t\t\t\t\t<\/div>\n\t\t\t\t\t\t\t<\/div>\n\t\t<\/div>\n\n\t<\/div>\n\n<\/div><div class=\"modula-item effect-pufrobo\" >\n\t<div class=\"modula-item-overlay\"><\/div>\n\n\t<div class=\"modula-item-content\">\n\n\t\t\t\t\n\t\t\t\t\t<a href=\"https:\/\/ofoto.lt\/wp-content\/uploads\/2026\/02\/DSC_3915-2026-1.jpg\" rel=\"jtg-918\" data-caption=\"Adel\u0117s krik\u0161tynos. Pasiruo\u0161imas namuose, Panev\u0117\u017eys, 2020 m.\" class=\"tile-inner modula-item-link\"><\/a>\n\t\t\n\t\t\n\t\t<img decoding=\"async\" class='pic' data-valign=\"middle\" data-halign=\"center\" alt=\"\" src=\"https:\/\/ofoto.lt\/wp-content\/uploads\/2026\/02\/DSC_3915-2026-1-1024x683.jpg\" data-src=\"https:\/\/ofoto.lt\/wp-content\/uploads\/2026\/02\/DSC_3915-2026-1-1024x683.jpg\"\/>\n\n\t\t\n\t\t<div class=\"figc\">\n\t\t\t<div class=\"figc-inner\">\n\t\t\t\t\t\t\t\t\t\t\t\t\t\t\t\t<div class=\"jtg-social\">\n\t\t\t\t\t\t\t\t\t\t\t\t\t\t\t\t\t\t\t\t\t\t\t\t\t\t\t\t\t<\/div>\n\t\t\t\t\t\t\t<\/div>\n\t\t<\/div>\n\n\t<\/div>\n\n<\/div><div class=\"modula-item effect-pufrobo\" >\n\t<div class=\"modula-item-overlay\"><\/div>\n\n\t<div class=\"modula-item-content\">\n\n\t\t\t\t\n\t\t\t\t\t<a href=\"https:\/\/ofoto.lt\/wp-content\/uploads\/2026\/02\/DSC_3988-2026-1.jpg\" rel=\"jtg-918\" data-caption=\"Adel\u0117s krik\u0161tynos. Pasiruo\u0161imas namuose, Panev\u0117\u017eys, 2020 m.\" class=\"tile-inner modula-item-link\"><\/a>\n\t\t\n\t\t\n\t\t<img decoding=\"async\" class='pic' data-valign=\"middle\" data-halign=\"center\" alt=\"\" src=\"https:\/\/ofoto.lt\/wp-content\/uploads\/2026\/02\/DSC_3988-2026-1-683x1024.jpg\" data-src=\"https:\/\/ofoto.lt\/wp-content\/uploads\/2026\/02\/DSC_3988-2026-1-683x1024.jpg\"\/>\n\n\t\t\n\t\t<div class=\"figc\">\n\t\t\t<div class=\"figc-inner\">\n\t\t\t\t\t\t\t\t\t\t\t\t\t\t\t\t<div class=\"jtg-social\">\n\t\t\t\t\t\t\t\t\t\t\t\t\t\t\t\t\t\t\t\t\t\t\t\t\t\t\t\t\t<\/div>\n\t\t\t\t\t\t\t<\/div>\n\t\t<\/div>\n\n\t<\/div>\n\n<\/div><div class=\"modula-item effect-pufrobo\" >\n\t<div class=\"modula-item-overlay\"><\/div>\n\n\t<div class=\"modula-item-content\">\n\n\t\t\t\t\n\t\t\t\t\t<a href=\"https:\/\/ofoto.lt\/wp-content\/uploads\/2026\/02\/DSC_3979-2026-1.jpg\" rel=\"jtg-918\" data-caption=\"Adel\u0117s krik\u0161tynos. Pasiruo\u0161imas namuose, Panev\u0117\u017eys, 2020 m.\" class=\"tile-inner modula-item-link\"><\/a>\n\t\t\n\t\t\n\t\t<img decoding=\"async\" class='pic' data-valign=\"middle\" data-halign=\"center\" alt=\"\" src=\"https:\/\/ofoto.lt\/wp-content\/uploads\/2026\/02\/DSC_3979-2026-1-1024x683.jpg\" data-src=\"https:\/\/ofoto.lt\/wp-content\/uploads\/2026\/02\/DSC_3979-2026-1-1024x683.jpg\"\/>\n\n\t\t\n\t\t<div class=\"figc\">\n\t\t\t<div class=\"figc-inner\">\n\t\t\t\t\t\t\t\t\t\t\t\t\t\t\t\t<div class=\"jtg-social\">\n\t\t\t\t\t\t\t\t\t\t\t\t\t\t\t\t\t\t\t\t\t\t\t\t\t\t\t\t\t<\/div>\n\t\t\t\t\t\t\t<\/div>\n\t\t<\/div>\n\n\t<\/div>\n\n<\/div><div class=\"modula-item effect-pufrobo\" >\n\t<div class=\"modula-item-overlay\"><\/div>\n\n\t<div class=\"modula-item-content\">\n\n\t\t\t\t\n\t\t\t\t\t<a href=\"https:\/\/ofoto.lt\/wp-content\/uploads\/2026\/02\/DSC_4110-2026-2.jpg\" rel=\"jtg-918\" data-caption=\"Adel\u0117s krik\u0161tynos. Pasiruo\u0161imas namuose, Panev\u0117\u017eys, 2020 m.\" class=\"tile-inner modula-item-link\"><\/a>\n\t\t\n\t\t\n\t\t<img decoding=\"async\" class='pic' data-valign=\"middle\" data-halign=\"center\" alt=\"\" src=\"https:\/\/ofoto.lt\/wp-content\/uploads\/2026\/02\/DSC_4110-2026-2-683x1024.jpg\" data-src=\"https:\/\/ofoto.lt\/wp-content\/uploads\/2026\/02\/DSC_4110-2026-2-683x1024.jpg\"\/>\n\n\t\t\n\t\t<div class=\"figc\">\n\t\t\t<div class=\"figc-inner\">\n\t\t\t\t\t\t\t\t\t\t\t\t\t\t\t\t<div class=\"jtg-social\">\n\t\t\t\t\t\t\t\t\t\t\t\t\t\t\t\t\t\t\t\t\t\t\t\t\t\t\t\t\t<\/div>\n\t\t\t\t\t\t\t<\/div>\n\t\t<\/div>\n\n\t<\/div>\n\n<\/div><div class=\"modula-item effect-pufrobo\" >\n\t<div class=\"modula-item-overlay\"><\/div>\n\n\t<div class=\"modula-item-content\">\n\n\t\t\t\t\n\t\t\t\t\t<a href=\"https:\/\/ofoto.lt\/wp-content\/uploads\/2026\/02\/DSC_4116-2026.jpg\" rel=\"jtg-918\" data-caption=\"Adel\u0117s krik\u0161tynos. \u0160v. apa\u0161tal\u0173 Petro ir Povilo ba\u017eny\u010dia, Panev\u0117\u017eys, 2020 m.\" class=\"tile-inner modula-item-link\"><\/a>\n\t\t\n\t\t\n\t\t<img decoding=\"async\" class='pic' data-valign=\"middle\" data-halign=\"center\" alt=\"\" src=\"https:\/\/ofoto.lt\/wp-content\/uploads\/2026\/02\/DSC_4116-2026-1024x683.jpg\" data-src=\"https:\/\/ofoto.lt\/wp-content\/uploads\/2026\/02\/DSC_4116-2026-1024x683.jpg\"\/>\n\n\t\t\n\t\t<div class=\"figc\">\n\t\t\t<div class=\"figc-inner\">\n\t\t\t\t\t\t\t\t\t\t\t\t\t\t\t\t<div class=\"jtg-social\">\n\t\t\t\t\t\t\t\t\t\t\t\t\t\t\t\t\t\t\t\t\t\t\t\t\t\t\t\t\t<\/div>\n\t\t\t\t\t\t\t<\/div>\n\t\t<\/div>\n\n\t<\/div>\n\n<\/div><div class=\"modula-item effect-pufrobo\" >\n\t<div class=\"modula-item-overlay\"><\/div>\n\n\t<div class=\"modula-item-content\">\n\n\t\t\t\t\n\t\t\t\t\t<a href=\"https:\/\/ofoto.lt\/wp-content\/uploads\/2026\/02\/DSC_4298-2026.jpg\" rel=\"jtg-918\" data-caption=\"Adel\u0117s krik\u0161tynos. \u0160v. apa\u0161tal\u0173 Petro ir Povilo ba\u017eny\u010dia, Panev\u0117\u017eys, 2020 m.\" class=\"tile-inner modula-item-link\"><\/a>\n\t\t\n\t\t\n\t\t<img decoding=\"async\" class='pic' data-valign=\"middle\" data-halign=\"center\" alt=\"\" src=\"https:\/\/ofoto.lt\/wp-content\/uploads\/2026\/02\/DSC_4298-2026-1024x683.jpg\" data-src=\"https:\/\/ofoto.lt\/wp-content\/uploads\/2026\/02\/DSC_4298-2026-1024x683.jpg\"\/>\n\n\t\t\n\t\t<div class=\"figc\">\n\t\t\t<div class=\"figc-inner\">\n\t\t\t\t\t\t\t\t\t\t\t\t\t\t\t\t<div class=\"jtg-social\">\n\t\t\t\t\t\t\t\t\t\t\t\t\t\t\t\t\t\t\t\t\t\t\t\t\t\t\t\t\t<\/div>\n\t\t\t\t\t\t\t<\/div>\n\t\t<\/div>\n\n\t<\/div>\n\n<\/div><div class=\"modula-item effect-pufrobo\" >\n\t<div class=\"modula-item-overlay\"><\/div>\n\n\t<div class=\"modula-item-content\">\n\n\t\t\t\t\n\t\t\t\t\t<a href=\"https:\/\/ofoto.lt\/wp-content\/uploads\/2026\/02\/DSC_4314-2026.jpg\" rel=\"jtg-918\" data-caption=\"Adel\u0117s krik\u0161tynos. \u0160v. apa\u0161tal\u0173 Petro ir Povilo ba\u017eny\u010dia, Panev\u0117\u017eys, 2020 m.\" class=\"tile-inner modula-item-link\"><\/a>\n\t\t\n\t\t\n\t\t<img decoding=\"async\" class='pic' data-valign=\"middle\" data-halign=\"center\" alt=\"\" src=\"https:\/\/ofoto.lt\/wp-content\/uploads\/2026\/02\/DSC_4314-2026-1024x683.jpg\" data-src=\"https:\/\/ofoto.lt\/wp-content\/uploads\/2026\/02\/DSC_4314-2026-1024x683.jpg\"\/>\n\n\t\t\n\t\t<div class=\"figc\">\n\t\t\t<div class=\"figc-inner\">\n\t\t\t\t\t\t\t\t\t\t\t\t\t\t\t\t<div class=\"jtg-social\">\n\t\t\t\t\t\t\t\t\t\t\t\t\t\t\t\t\t\t\t\t\t\t\t\t\t\t\t\t\t<\/div>\n\t\t\t\t\t\t\t<\/div>\n\t\t<\/div>\n\n\t<\/div>\n\n<\/div><div class=\"modula-item effect-pufrobo\" >\n\t<div class=\"modula-item-overlay\"><\/div>\n\n\t<div class=\"modula-item-content\">\n\n\t\t\t\t\n\t\t\t\t\t<a href=\"https:\/\/ofoto.lt\/wp-content\/uploads\/2026\/02\/DSC_4386-2026.jpg\" rel=\"jtg-918\" data-caption=\"Adel\u0117s krik\u0161tynos. \u0160v. apa\u0161tal\u0173 Petro ir Povilo ba\u017eny\u010dia, Panev\u0117\u017eys, 2020 m.\" class=\"tile-inner modula-item-link\"><\/a>\n\t\t\n\t\t\n\t\t<img decoding=\"async\" class='pic' data-valign=\"middle\" data-halign=\"center\" alt=\"\" src=\"https:\/\/ofoto.lt\/wp-content\/uploads\/2026\/02\/DSC_4386-2026-683x1024.jpg\" data-src=\"https:\/\/ofoto.lt\/wp-content\/uploads\/2026\/02\/DSC_4386-2026-683x1024.jpg\"\/>\n\n\t\t\n\t\t<div class=\"figc\">\n\t\t\t<div class=\"figc-inner\">\n\t\t\t\t\t\t\t\t\t\t\t\t\t\t\t\t<div class=\"jtg-social\">\n\t\t\t\t\t\t\t\t\t\t\t\t\t\t\t\t\t\t\t\t\t\t\t\t\t\t\t\t\t<\/div>\n\t\t\t\t\t\t\t<\/div>\n\t\t<\/div>\n\n\t<\/div>\n\n<\/div><div class=\"modula-item effect-pufrobo\" >\n\t<div class=\"modula-item-overlay\"><\/div>\n\n\t<div class=\"modula-item-content\">\n\n\t\t\t\t\n\t\t\t\t\t<a href=\"https:\/\/ofoto.lt\/wp-content\/uploads\/2026\/02\/DSC_4421-2026.jpg\" rel=\"jtg-918\" data-caption=\"Adel\u0117s krik\u0161tynos. \u0160v. apa\u0161tal\u0173 Petro ir Povilo ba\u017eny\u010dia, Panev\u0117\u017eys, 2020 m.\" class=\"tile-inner modula-item-link\"><\/a>\n\t\t\n\t\t\n\t\t<img decoding=\"async\" class='pic' data-valign=\"middle\" data-halign=\"center\" alt=\"\" src=\"https:\/\/ofoto.lt\/wp-content\/uploads\/2026\/02\/DSC_4421-2026-1024x683.jpg\" data-src=\"https:\/\/ofoto.lt\/wp-content\/uploads\/2026\/02\/DSC_4421-2026-1024x683.jpg\"\/>\n\n\t\t\n\t\t<div class=\"figc\">\n\t\t\t<div class=\"figc-inner\">\n\t\t\t\t\t\t\t\t\t\t\t\t\t\t\t\t<div class=\"jtg-social\">\n\t\t\t\t\t\t\t\t\t\t\t\t\t\t\t\t\t\t\t\t\t\t\t\t\t\t\t\t\t<\/div>\n\t\t\t\t\t\t\t<\/div>\n\t\t<\/div>\n\n\t<\/div>\n\n<\/div><div class=\"modula-item effect-pufrobo\" >\n\t<div class=\"modula-item-overlay\"><\/div>\n\n\t<div class=\"modula-item-content\">\n\n\t\t\t\t\n\t\t\t\t\t<a href=\"https:\/\/ofoto.lt\/wp-content\/uploads\/2026\/02\/DSC_4439-2026-scaled.jpg\" rel=\"jtg-918\" data-caption=\"Adel\u0117s krik\u0161tynos. \u0160v. apa\u0161tal\u0173 Petro ir Povilo ba\u017eny\u010dia, Panev\u0117\u017eys, 2020 m.\" class=\"tile-inner modula-item-link\"><\/a>\n\t\t\n\t\t\n\t\t<img decoding=\"async\" class='pic' data-valign=\"middle\" data-halign=\"center\" alt=\"\" src=\"https:\/\/ofoto.lt\/wp-content\/uploads\/2026\/02\/DSC_4439-2026-1024x683.jpg\" data-src=\"https:\/\/ofoto.lt\/wp-content\/uploads\/2026\/02\/DSC_4439-2026-1024x683.jpg\"\/>\n\n\t\t\n\t\t<div class=\"figc\">\n\t\t\t<div class=\"figc-inner\">\n\t\t\t\t\t\t\t\t\t\t\t\t\t\t\t\t<div class=\"jtg-social\">\n\t\t\t\t\t\t\t\t\t\t\t\t\t\t\t\t\t\t\t\t\t\t\t\t\t\t\t\t\t<\/div>\n\t\t\t\t\t\t\t<\/div>\n\t\t<\/div>\n\n\t<\/div>\n\n<\/div><div class=\"modula-item effect-pufrobo\" >\n\t<div class=\"modula-item-overlay\"><\/div>\n\n\t<div class=\"modula-item-content\">\n\n\t\t\t\t\n\t\t\t\t\t<a href=\"https:\/\/ofoto.lt\/wp-content\/uploads\/2026\/02\/DSC_4505-2026.jpg\" rel=\"jtg-918\" data-caption=\"Adel\u0117s krik\u0161tynos. \u0160v. apa\u0161tal\u0173 Petro ir Povilo ba\u017eny\u010dia, Panev\u0117\u017eys, 2020 m.\" class=\"tile-inner modula-item-link\"><\/a>\n\t\t\n\t\t\n\t\t<img decoding=\"async\" class='pic' data-valign=\"middle\" data-halign=\"center\" alt=\"\" src=\"https:\/\/ofoto.lt\/wp-content\/uploads\/2026\/02\/DSC_4505-2026-1024x683.jpg\" data-src=\"https:\/\/ofoto.lt\/wp-content\/uploads\/2026\/02\/DSC_4505-2026-1024x683.jpg\"\/>\n\n\t\t\n\t\t<div class=\"figc\">\n\t\t\t<div class=\"figc-inner\">\n\t\t\t\t\t\t\t\t\t\t\t\t\t\t\t\t<div class=\"jtg-social\">\n\t\t\t\t\t\t\t\t\t\t\t\t\t\t\t\t\t\t\t\t\t\t\t\t\t\t\t\t\t<\/div>\n\t\t\t\t\t\t\t<\/div>\n\t\t<\/div>\n\n\t<\/div>\n\n<\/div><div class=\"modula-item effect-pufrobo\" >\n\t<div class=\"modula-item-overlay\"><\/div>\n\n\t<div class=\"modula-item-content\">\n\n\t\t\t\t\n\t\t\t\t\t<a href=\"https:\/\/ofoto.lt\/wp-content\/uploads\/2026\/02\/DSC_4540-2026.jpg\" rel=\"jtg-918\" data-caption=\"Adel\u0117s krik\u0161tynos. \u0160v. apa\u0161tal\u0173 Petro ir Povilo ba\u017eny\u010dia, Panev\u0117\u017eys, 2020 m.\" class=\"tile-inner modula-item-link\"><\/a>\n\t\t\n\t\t\n\t\t<img decoding=\"async\" class='pic' data-valign=\"middle\" data-halign=\"center\" alt=\"\" src=\"https:\/\/ofoto.lt\/wp-content\/uploads\/2026\/02\/DSC_4540-2026-1024x683.jpg\" data-src=\"https:\/\/ofoto.lt\/wp-content\/uploads\/2026\/02\/DSC_4540-2026-1024x683.jpg\"\/>\n\n\t\t\n\t\t<div class=\"figc\">\n\t\t\t<div class=\"figc-inner\">\n\t\t\t\t\t\t\t\t\t\t\t\t\t\t\t\t<div class=\"jtg-social\">\n\t\t\t\t\t\t\t\t\t\t\t\t\t\t\t\t\t\t\t\t\t\t\t\t\t\t\t\t\t<\/div>\n\t\t\t\t\t\t\t<\/div>\n\t\t<\/div>\n\n\t<\/div>\n\n<\/div><div class=\"modula-item effect-pufrobo\" >\n\t<div class=\"modula-item-overlay\"><\/div>\n\n\t<div class=\"modula-item-content\">\n\n\t\t\t\t\n\t\t\t\t\t<a href=\"https:\/\/ofoto.lt\/wp-content\/uploads\/2026\/02\/DSC_4557-2026.jpg\" rel=\"jtg-918\" data-caption=\"Adel\u0117s krik\u0161tynos. \u0160v. apa\u0161tal\u0173 Petro ir Povilo ba\u017eny\u010dia, Panev\u0117\u017eys, 2020 m.\" class=\"tile-inner modula-item-link\"><\/a>\n\t\t\n\t\t\n\t\t<img decoding=\"async\" class='pic' data-valign=\"middle\" data-halign=\"center\" alt=\"\" src=\"https:\/\/ofoto.lt\/wp-content\/uploads\/2026\/02\/DSC_4557-2026-683x1024.jpg\" data-src=\"https:\/\/ofoto.lt\/wp-content\/uploads\/2026\/02\/DSC_4557-2026-683x1024.jpg\"\/>\n\n\t\t\n\t\t<div class=\"figc\">\n\t\t\t<div class=\"figc-inner\">\n\t\t\t\t\t\t\t\t\t\t\t\t\t\t\t\t<div class=\"jtg-social\">\n\t\t\t\t\t\t\t\t\t\t\t\t\t\t\t\t\t\t\t\t\t\t\t\t\t\t\t\t\t<\/div>\n\t\t\t\t\t\t\t<\/div>\n\t\t<\/div>\n\n\t<\/div>\n\n<\/div><div class=\"modula-item effect-pufrobo\" >\n\t<div class=\"modula-item-overlay\"><\/div>\n\n\t<div class=\"modula-item-content\">\n\n\t\t\t\t\n\t\t\t\t\t<a href=\"https:\/\/ofoto.lt\/wp-content\/uploads\/2026\/02\/DSC_4587-2026.jpg\" rel=\"jtg-918\" data-caption=\"Adel\u0117s krik\u0161tynos. \u0160v. apa\u0161tal\u0173 Petro ir Povilo ba\u017eny\u010dia, Panev\u0117\u017eys, 2020 m.\" class=\"tile-inner modula-item-link\"><\/a>\n\t\t\n\t\t\n\t\t<img decoding=\"async\" class='pic' data-valign=\"middle\" data-halign=\"center\" alt=\"\" src=\"https:\/\/ofoto.lt\/wp-content\/uploads\/2026\/02\/DSC_4587-2026-683x1024.jpg\" data-src=\"https:\/\/ofoto.lt\/wp-content\/uploads\/2026\/02\/DSC_4587-2026-683x1024.jpg\"\/>\n\n\t\t\n\t\t<div class=\"figc\">\n\t\t\t<div class=\"figc-inner\">\n\t\t\t\t\t\t\t\t\t\t\t\t\t\t\t\t<div class=\"jtg-social\">\n\t\t\t\t\t\t\t\t\t\t\t\t\t\t\t\t\t\t\t\t\t\t\t\t\t\t\t\t\t<\/div>\n\t\t\t\t\t\t\t<\/div>\n\t\t<\/div>\n\n\t<\/div>\n\n<\/div><div class=\"modula-item effect-pufrobo\" >\n\t<div class=\"modula-item-overlay\"><\/div>\n\n\t<div class=\"modula-item-content\">\n\n\t\t\t\t\n\t\t\t\t\t<a href=\"https:\/\/ofoto.lt\/wp-content\/uploads\/2026\/02\/DSC_4653-2026.jpg\" rel=\"jtg-918\" data-caption=\"Adel\u0117s krik\u0161tynos. \u0160v. apa\u0161tal\u0173 Petro ir Povilo ba\u017eny\u010dia, Panev\u0117\u017eys, 2020 m.\" class=\"tile-inner modula-item-link\"><\/a>\n\t\t\n\t\t\n\t\t<img decoding=\"async\" class='pic' data-valign=\"middle\" data-halign=\"center\" alt=\"\" src=\"https:\/\/ofoto.lt\/wp-content\/uploads\/2026\/02\/DSC_4653-2026-1024x683.jpg\" data-src=\"https:\/\/ofoto.lt\/wp-content\/uploads\/2026\/02\/DSC_4653-2026-1024x683.jpg\"\/>\n\n\t\t\n\t\t<div class=\"figc\">\n\t\t\t<div class=\"figc-inner\">\n\t\t\t\t\t\t\t\t\t\t\t\t\t\t\t\t<div class=\"jtg-social\">\n\t\t\t\t\t\t\t\t\t\t\t\t\t\t\t\t\t\t\t\t\t\t\t\t\t\t\t\t\t<\/div>\n\t\t\t\t\t\t\t<\/div>\n\t\t<\/div>\n\n\t<\/div>\n\n<\/div><div class=\"modula-item effect-pufrobo\" >\n\t<div class=\"modula-item-overlay\"><\/div>\n\n\t<div class=\"modula-item-content\">\n\n\t\t\t\t\n\t\t\t\t\t<a href=\"https:\/\/ofoto.lt\/wp-content\/uploads\/2026\/02\/DSC_4698-2026.jpg\" rel=\"jtg-918\" data-caption=\"Adel\u0117s krik\u0161tynos. Fotosesija \u0161alia ba\u017eny\u010dios, Panev\u0117\u017eys, 2020 m.\" class=\"tile-inner modula-item-link\"><\/a>\n\t\t\n\t\t\n\t\t<img decoding=\"async\" class='pic' data-valign=\"middle\" data-halign=\"center\" alt=\"\" src=\"https:\/\/ofoto.lt\/wp-content\/uploads\/2026\/02\/DSC_4698-2026-1024x683.jpg\" data-src=\"https:\/\/ofoto.lt\/wp-content\/uploads\/2026\/02\/DSC_4698-2026-1024x683.jpg\"\/>\n\n\t\t\n\t\t<div class=\"figc\">\n\t\t\t<div class=\"figc-inner\">\n\t\t\t\t\t\t\t\t\t\t\t\t\t\t\t\t<div class=\"jtg-social\">\n\t\t\t\t\t\t\t\t\t\t\t\t\t\t\t\t\t\t\t\t\t\t\t\t\t\t\t\t\t<\/div>\n\t\t\t\t\t\t\t<\/div>\n\t\t<\/div>\n\n\t<\/div>\n\n<\/div><div class=\"modula-item effect-pufrobo\" >\n\t<div class=\"modula-item-overlay\"><\/div>\n\n\t<div class=\"modula-item-content\">\n\n\t\t\t\t\n\t\t\t\t\t<a href=\"https:\/\/ofoto.lt\/wp-content\/uploads\/2026\/02\/DSC_4755-2026.jpg\" rel=\"jtg-918\" data-caption=\"Adel\u0117s krik\u0161tynos. Fotosesija \u0161alia ba\u017eny\u010dios, Panev\u0117\u017eys, 2020 m.\" class=\"tile-inner modula-item-link\"><\/a>\n\t\t\n\t\t\n\t\t<img decoding=\"async\" class='pic' data-valign=\"middle\" data-halign=\"center\" alt=\"\" src=\"https:\/\/ofoto.lt\/wp-content\/uploads\/2026\/02\/DSC_4755-2026-1024x683.jpg\" data-src=\"https:\/\/ofoto.lt\/wp-content\/uploads\/2026\/02\/DSC_4755-2026-1024x683.jpg\"\/>\n\n\t\t\n\t\t<div class=\"figc\">\n\t\t\t<div class=\"figc-inner\">\n\t\t\t\t\t\t\t\t\t\t\t\t\t\t\t\t<div class=\"jtg-social\">\n\t\t\t\t\t\t\t\t\t\t\t\t\t\t\t\t\t\t\t\t\t\t\t\t\t\t\t\t\t<\/div>\n\t\t\t\t\t\t\t<\/div>\n\t\t<\/div>\n\n\t<\/div>\n\n<\/div><div class=\"modula-item effect-pufrobo\" >\n\t<div class=\"modula-item-overlay\"><\/div>\n\n\t<div class=\"modula-item-content\">\n\n\t\t\t\t\n\t\t\t\t\t<a href=\"https:\/\/ofoto.lt\/wp-content\/uploads\/2026\/02\/DSC_4892-2026.jpg\" rel=\"jtg-918\" data-caption=\"Adel\u0117s krik\u0161tynos. Fotosesija \u0161alia ba\u017eny\u010dios, Panev\u0117\u017eys, 2020 m.\" class=\"tile-inner modula-item-link\"><\/a>\n\t\t\n\t\t\n\t\t<img decoding=\"async\" class='pic' data-valign=\"middle\" data-halign=\"center\" alt=\"\" src=\"https:\/\/ofoto.lt\/wp-content\/uploads\/2026\/02\/DSC_4892-2026-1024x683.jpg\" data-src=\"https:\/\/ofoto.lt\/wp-content\/uploads\/2026\/02\/DSC_4892-2026-1024x683.jpg\"\/>\n\n\t\t\n\t\t<div class=\"figc\">\n\t\t\t<div class=\"figc-inner\">\n\t\t\t\t\t\t\t\t\t\t\t\t\t\t\t\t<div class=\"jtg-social\">\n\t\t\t\t\t\t\t\t\t\t\t\t\t\t\t\t\t\t\t\t\t\t\t\t\t\t\t\t\t<\/div>\n\t\t\t\t\t\t\t<\/div>\n\t\t<\/div>\n\n\t<\/div>\n\n<\/div><div class=\"modula-item effect-pufrobo\" >\n\t<div class=\"modula-item-overlay\"><\/div>\n\n\t<div class=\"modula-item-content\">\n\n\t\t\t\t\n\t\t\t\t\t<a href=\"https:\/\/ofoto.lt\/wp-content\/uploads\/2026\/02\/DSC_4999-2026.jpg\" rel=\"jtg-918\" data-caption=\"Adel\u0117s krik\u0161tynos. Fotosesija \u0161alia ba\u017eny\u010dios, Panev\u0117\u017eys, 2020 m.\" class=\"tile-inner modula-item-link\"><\/a>\n\t\t\n\t\t\n\t\t<img decoding=\"async\" class='pic' data-valign=\"middle\" data-halign=\"center\" alt=\"\" src=\"https:\/\/ofoto.lt\/wp-content\/uploads\/2026\/02\/DSC_4999-2026-1024x683.jpg\" data-src=\"https:\/\/ofoto.lt\/wp-content\/uploads\/2026\/02\/DSC_4999-2026-1024x683.jpg\"\/>\n\n\t\t\n\t\t<div class=\"figc\">\n\t\t\t<div class=\"figc-inner\">\n\t\t\t\t\t\t\t\t\t\t\t\t\t\t\t\t<div class=\"jtg-social\">\n\t\t\t\t\t\t\t\t\t\t\t\t\t\t\t\t\t\t\t\t\t\t\t\t\t\t\t\t\t<\/div>\n\t\t\t\t\t\t\t<\/div>\n\t\t<\/div>\n\n\t<\/div>\n\n<\/div>\t\t\n\t<\/div>\n\n\t\n\t\n\t<script type=\"application\/ld+json\">\n\t{\n\t\t\"@context\": \"http:\/\/schema.org\",\n\t\t\"@type\"   : \"ImageGallery\",\n\t\t\"id\"      : \"https:\/\/ofoto.lt\",\n\t\t\"url\"     : \"https:\/\/ofoto.lt\"\n\t}\n\n    <\/script>\n\n\t\n<\/div>","protected":false},"excerpt":{"rendered":"","protected":false},"author":1,"featured_media":0,"parent":0,"menu_order":0,"comment_status":"closed","ping_status":"closed","template":"","meta":{"footnotes":""},"class_list":["post-940","page","type-page","status-publish","hentry"],"_links":{"self":[{"href":"https:\/\/ofoto.lt\/index.php?rest_route=\/wp\/v2\/pages\/940","targetHints":{"allow":["GET"]}}],"collection":[{"href":"https:\/\/ofoto.lt\/index.php?rest_route=\/wp\/v2\/pages"}],"about":[{"href":"https:\/\/ofoto.lt\/index.php?rest_route=\/wp\/v2\/types\/page"}],"author":[{"embeddable":true,"href":"https:\/\/ofoto.lt\/index.php?rest_route=\/wp\/v2\/users\/1"}],"replies":[{"embeddable":true,"href":"https:\/\/ofoto.lt\/index.php?rest_route=%2Fwp%2Fv2%2Fcomments&post=940"}],"version-history":[{"count":3,"href":"https:\/\/ofoto.lt\/index.php?rest_route=\/wp\/v2\/pages\/940\/revisions"}],"predecessor-version":[{"id":3220,"href":"https:\/\/ofoto.lt\/index.php?rest_route=\/wp\/v2\/pages\/940\/revisions\/3220"}],"wp:attachment":[{"href":"https:\/\/ofoto.lt\/index.php?rest_route=%2Fwp%2Fv2%2Fmedia&parent=940"}],"curies":[{"name":"wp","href":"https:\/\/api.w.org\/{rel}","templated":true}]}}