{"id":5438,"date":"2025-01-16T07:32:54","date_gmt":"2025-01-16T05:32:54","guid":{"rendered":"http:\/\/ofoto.lt\/?page_id=5438"},"modified":"2025-01-16T07:32:54","modified_gmt":"2025-01-16T05:32:54","slug":"olivija-svc-mergeles-marijos-nekaltojo-prasidejimo-baznycia-siauliai","status":"publish","type":"page","link":"https:\/\/ofoto.lt\/?page_id=5438","title":{"rendered":"Olivija. \u0160v\u010d. Mergel\u0117s Marijos Nekaltojo Prasid\u0117jimo ba\u017eny\u010dia, \u0160iauliai"},"content":{"rendered":"<style>#jtg-5224 .modula-item .jtg-social a, .lightbox-socials.jtg-social a{ color: #ffffff }#jtg-5224 .modula-item .jtg-social svg, .lightbox-socials.jtg-social svg { height: 16px; width: 16px }#jtg-5224 .modula-item .jtg-social a:not(:last-child), .lightbox-socials.jtg-social a:not(:last-child) { margin-right: 10px }#jtg-5224 .modula-item .caption { background-color: #ffffff;  }#jtg-5224 .modula-item .figc {color:#ffffff;}#jtg-5224 .modula-item .modula-item-content { transform: scale(1) }#jtg-5224 { width:100%;}#jtg-5224 .modula-items .figc p.description { font-size:14px; }#jtg-5224 .modula-items .figc p.description { color:#ffffff;}#jtg-5224 .modula-items .figc .jtg-title { color:#ffffff; }#jtg-5224 .modula-item > .modula-item-content > a { cursor:zoom-in; } @media screen and (max-width:480px){#jtg-5224 .modula-item .figc .jtg-title {  font-size: 12px; }#jtg-5224 .modula-items .figc p.description { color:#ffffff;font-size:10px; }}<\/style>\n<!-- Gallery Container -->\n<div  id=\"jtg-5224\" class=\"modula modula-gallery modula-columns\" data-config=\"{&quot;enableTwitter&quot;:true,&quot;enableWhatsapp&quot;:true,&quot;enableFacebook&quot;:true,&quot;enablePinterest&quot;:true,&quot;enableLinkedin&quot;:true,&quot;randomFactor&quot;:0.5,&quot;type&quot;:&quot;grid&quot;,&quot;columns&quot;:12,&quot;gutter&quot;:10,&quot;enableResponsive&quot;:&quot;0&quot;,&quot;tabletColumns&quot;:&quot;2&quot;,&quot;mobileColumns&quot;:&quot;1&quot;,&quot;lazyLoad&quot;:&quot;1&quot;,&quot;lightboxOpts&quot;:{&quot;loop&quot;:false,&quot;arrows&quot;:true,&quot;toolbar&quot;:true,&quot;keyboard&quot;:false,&quot;wheel&quot;:false,&quot;buttons&quot;:[&quot;close&quot;],&quot;hash&quot;:false,&quot;lang&quot;:&quot;en&quot;,&quot;touch&quot;:false,&quot;protect&quot;:false,&quot;i18n&quot;:{&quot;en&quot;:{&quot;CLOSE&quot;:&quot;Close&quot;,&quot;NEXT&quot;:&quot;Next&quot;,&quot;PREV&quot;:&quot;Previous&quot;,&quot;Error&quot;:&quot;The requested content cannot be loaded. Please try again later.&quot;,&quot;PLAY_START&quot;:&quot;Start slideshow&quot;,&quot;PLAY_STOP&quot;:&quot;Pause slideshow&quot;,&quot;FULL_SCREEN&quot;:&quot;Full screen&quot;,&quot;THUMBS&quot;:&quot;Thumbnails&quot;,&quot;DOWNLOAD&quot;:&quot;Download&quot;,&quot;SHARE&quot;:&quot;Share&quot;,&quot;ZOOM&quot;:&quot;Zoom&quot;}},&quot;clickSlide&quot;:false,&quot;clickOutside&quot;:false,&quot;dblclickContent&quot;:false,&quot;dblclickSlide&quot;:false,&quot;dblclickOutside&quot;:false,&quot;clickContent&quot;:false},&quot;inView&quot;:false,&quot;grid_type&quot;:&quot;automatic&quot;,&quot;rowHeight&quot;:150,&quot;lastRow&quot;:&quot;justify&quot;,&quot;lightbox&quot;:&quot;fancybox&quot;}\">\n\n\t\n\t<!-- Items Container -->\n\t<div  class=\"modula-items grid-gallery\">\n\t\t<div class=\"modula-item effect-pufrobo\" >\n\t<div class=\"modula-item-overlay\"><\/div>\n\n\t<div class=\"modula-item-content\">\n\n\t\t\t\t\n\t\t\t\t\t<a href=\"https:\/\/ofoto.lt\/wp-content\/uploads\/2025\/02\/www.ofoto_.lt_0001-BRIGHT-9.jpg\" rel=\"jtg-5224\" data-caption=\"Olivijos krik\u0161tynos. \u0160v\u010d. Mergel\u0117s Marijos Nekaltojo Prasid\u0117jimo ba\u017eny\u010dia, \u0160iauliai, 2024 m.\" class=\"tile-inner modula-item-link\"><\/a>\n\t\t\n\t\t\n\t\t<img decoding=\"async\" class='pic' data-valign=\"middle\" data-halign=\"center\" alt=\"\" src=\"https:\/\/ofoto.lt\/wp-content\/uploads\/2025\/02\/www.ofoto_.lt_0001-BRIGHT-9-1024x682.jpg\" data-src=\"https:\/\/ofoto.lt\/wp-content\/uploads\/2025\/02\/www.ofoto_.lt_0001-BRIGHT-9-1024x682.jpg\"\/>\n\n\t\t\n\t\t<div class=\"figc\">\n\t\t\t<div class=\"figc-inner\">\n\t\t\t\t\t\t\t\t\t\t\t\t\t\t\t<\/div>\n\t\t<\/div>\n\n\t<\/div>\n\n<\/div><div class=\"modula-item effect-pufrobo\" >\n\t<div class=\"modula-item-overlay\"><\/div>\n\n\t<div class=\"modula-item-content\">\n\n\t\t\t\t\n\t\t\t\t\t<a href=\"https:\/\/ofoto.lt\/wp-content\/uploads\/2025\/02\/www.ofoto_.lt_0007-BRIGHT.jpg\" rel=\"jtg-5224\" data-caption=\"Olivijos krik\u0161tynos. \u0160v\u010d. Mergel\u0117s Marijos Nekaltojo Prasid\u0117jimo ba\u017eny\u010dia, \u0160iauliai, 2024 m.\" class=\"tile-inner modula-item-link\"><\/a>\n\t\t\n\t\t\n\t\t<img decoding=\"async\" class='pic' data-valign=\"middle\" data-halign=\"center\" alt=\"\" src=\"https:\/\/ofoto.lt\/wp-content\/uploads\/2025\/02\/www.ofoto_.lt_0007-BRIGHT-1024x681.jpg\" data-src=\"https:\/\/ofoto.lt\/wp-content\/uploads\/2025\/02\/www.ofoto_.lt_0007-BRIGHT-1024x681.jpg\"\/>\n\n\t\t\n\t\t<div class=\"figc\">\n\t\t\t<div class=\"figc-inner\">\n\t\t\t\t\t\t\t\t\t\t\t\t\t\t\t<\/div>\n\t\t<\/div>\n\n\t<\/div>\n\n<\/div><div class=\"modula-item effect-pufrobo\" >\n\t<div class=\"modula-item-overlay\"><\/div>\n\n\t<div class=\"modula-item-content\">\n\n\t\t\t\t\n\t\t\t\t\t<a href=\"https:\/\/ofoto.lt\/wp-content\/uploads\/2025\/02\/www.ofoto_.lt_0009-BRIGHT-5.jpg\" rel=\"jtg-5224\" data-caption=\"Olivijos krik\u0161tynos. \u0160v\u010d. Mergel\u0117s Marijos Nekaltojo Prasid\u0117jimo ba\u017eny\u010dia, \u0160iauliai, 2024 m.\" class=\"tile-inner modula-item-link\"><\/a>\n\t\t\n\t\t\n\t\t<img decoding=\"async\" class='pic' data-valign=\"middle\" data-halign=\"center\" alt=\"\" src=\"https:\/\/ofoto.lt\/wp-content\/uploads\/2025\/02\/www.ofoto_.lt_0009-BRIGHT-5-1024x681.jpg\" data-src=\"https:\/\/ofoto.lt\/wp-content\/uploads\/2025\/02\/www.ofoto_.lt_0009-BRIGHT-5-1024x681.jpg\"\/>\n\n\t\t\n\t\t<div class=\"figc\">\n\t\t\t<div class=\"figc-inner\">\n\t\t\t\t\t\t\t\t\t\t\t\t\t\t\t<\/div>\n\t\t<\/div>\n\n\t<\/div>\n\n<\/div><div class=\"modula-item effect-pufrobo\" >\n\t<div class=\"modula-item-overlay\"><\/div>\n\n\t<div class=\"modula-item-content\">\n\n\t\t\t\t\n\t\t\t\t\t<a href=\"https:\/\/ofoto.lt\/wp-content\/uploads\/2025\/02\/www.ofoto_.lt_0011-BRIGHT.jpg\" rel=\"jtg-5224\" data-caption=\"Olivijos krik\u0161tynos. \u0160v\u010d. Mergel\u0117s Marijos Nekaltojo Prasid\u0117jimo ba\u017eny\u010dia, \u0160iauliai, 2024 m.\" class=\"tile-inner modula-item-link\"><\/a>\n\t\t\n\t\t\n\t\t<img decoding=\"async\" class='pic' data-valign=\"middle\" data-halign=\"center\" alt=\"\" src=\"https:\/\/ofoto.lt\/wp-content\/uploads\/2025\/02\/www.ofoto_.lt_0011-BRIGHT-1024x682.jpg\" data-src=\"https:\/\/ofoto.lt\/wp-content\/uploads\/2025\/02\/www.ofoto_.lt_0011-BRIGHT-1024x682.jpg\"\/>\n\n\t\t\n\t\t<div class=\"figc\">\n\t\t\t<div class=\"figc-inner\">\n\t\t\t\t\t\t\t\t\t\t\t\t\t\t\t<\/div>\n\t\t<\/div>\n\n\t<\/div>\n\n<\/div><div class=\"modula-item effect-pufrobo\" >\n\t<div class=\"modula-item-overlay\"><\/div>\n\n\t<div class=\"modula-item-content\">\n\n\t\t\t\t\n\t\t\t\t\t<a href=\"https:\/\/ofoto.lt\/wp-content\/uploads\/2025\/02\/www.ofoto_.lt_0021-BRIGHT.jpg\" rel=\"jtg-5224\" data-caption=\"Olivijos krik\u0161tynos. \u0160v\u010d. Mergel\u0117s Marijos Nekaltojo Prasid\u0117jimo ba\u017eny\u010dia, \u0160iauliai, 2024 m.\" class=\"tile-inner modula-item-link\"><\/a>\n\t\t\n\t\t\n\t\t<img decoding=\"async\" class='pic' data-valign=\"middle\" data-halign=\"center\" alt=\"\" src=\"https:\/\/ofoto.lt\/wp-content\/uploads\/2025\/02\/www.ofoto_.lt_0021-BRIGHT-1024x682.jpg\" data-src=\"https:\/\/ofoto.lt\/wp-content\/uploads\/2025\/02\/www.ofoto_.lt_0021-BRIGHT-1024x682.jpg\"\/>\n\n\t\t\n\t\t<div class=\"figc\">\n\t\t\t<div class=\"figc-inner\">\n\t\t\t\t\t\t\t\t\t\t\t\t\t\t\t<\/div>\n\t\t<\/div>\n\n\t<\/div>\n\n<\/div><div class=\"modula-item effect-pufrobo\" >\n\t<div class=\"modula-item-overlay\"><\/div>\n\n\t<div class=\"modula-item-content\">\n\n\t\t\t\t\n\t\t\t\t\t<a href=\"https:\/\/ofoto.lt\/wp-content\/uploads\/2025\/02\/www.ofoto_.lt_0018-BRIGHT-4.jpg\" rel=\"jtg-5224\" data-caption=\"Olivijos krik\u0161tynos. \u0160v\u010d. Mergel\u0117s Marijos Nekaltojo Prasid\u0117jimo ba\u017eny\u010dia, \u0160iauliai, 2024 m.\" class=\"tile-inner modula-item-link\"><\/a>\n\t\t\n\t\t\n\t\t<img decoding=\"async\" class='pic' data-valign=\"middle\" data-halign=\"center\" alt=\"\" src=\"https:\/\/ofoto.lt\/wp-content\/uploads\/2025\/02\/www.ofoto_.lt_0018-BRIGHT-4-1024x681.jpg\" data-src=\"https:\/\/ofoto.lt\/wp-content\/uploads\/2025\/02\/www.ofoto_.lt_0018-BRIGHT-4-1024x681.jpg\"\/>\n\n\t\t\n\t\t<div class=\"figc\">\n\t\t\t<div class=\"figc-inner\">\n\t\t\t\t\t\t\t\t\t\t\t\t\t\t\t<\/div>\n\t\t<\/div>\n\n\t<\/div>\n\n<\/div><div class=\"modula-item effect-pufrobo\" >\n\t<div class=\"modula-item-overlay\"><\/div>\n\n\t<div class=\"modula-item-content\">\n\n\t\t\t\t\n\t\t\t\t\t<a href=\"https:\/\/ofoto.lt\/wp-content\/uploads\/2025\/02\/www.ofoto_.lt_0020-BRIGHT-2.jpg\" rel=\"jtg-5224\" data-caption=\"Olivijos krik\u0161tynos. \u0160v\u010d. Mergel\u0117s Marijos Nekaltojo Prasid\u0117jimo ba\u017eny\u010dia, \u0160iauliai, 2024 m.\" class=\"tile-inner modula-item-link\"><\/a>\n\t\t\n\t\t\n\t\t<img decoding=\"async\" class='pic' data-valign=\"middle\" data-halign=\"center\" alt=\"\" src=\"https:\/\/ofoto.lt\/wp-content\/uploads\/2025\/02\/www.ofoto_.lt_0020-BRIGHT-2-1024x681.jpg\" data-src=\"https:\/\/ofoto.lt\/wp-content\/uploads\/2025\/02\/www.ofoto_.lt_0020-BRIGHT-2-1024x681.jpg\"\/>\n\n\t\t\n\t\t<div class=\"figc\">\n\t\t\t<div class=\"figc-inner\">\n\t\t\t\t\t\t\t\t\t\t\t\t\t\t\t<\/div>\n\t\t<\/div>\n\n\t<\/div>\n\n<\/div><div class=\"modula-item effect-pufrobo\" >\n\t<div class=\"modula-item-overlay\"><\/div>\n\n\t<div class=\"modula-item-content\">\n\n\t\t\t\t\n\t\t\t\t\t<a href=\"https:\/\/ofoto.lt\/wp-content\/uploads\/2025\/02\/www.ofoto_.lt_0023-BRIGHT-6.jpg\" rel=\"jtg-5224\" data-caption=\"Olivijos krik\u0161tynos. \u0160v\u010d. Mergel\u0117s Marijos Nekaltojo Prasid\u0117jimo ba\u017eny\u010dia, \u0160iauliai, 2024 m.\" class=\"tile-inner modula-item-link\"><\/a>\n\t\t\n\t\t\n\t\t<img decoding=\"async\" class='pic' data-valign=\"middle\" data-halign=\"center\" alt=\"\" src=\"https:\/\/ofoto.lt\/wp-content\/uploads\/2025\/02\/www.ofoto_.lt_0023-BRIGHT-6-1024x682.jpg\" data-src=\"https:\/\/ofoto.lt\/wp-content\/uploads\/2025\/02\/www.ofoto_.lt_0023-BRIGHT-6-1024x682.jpg\"\/>\n\n\t\t\n\t\t<div class=\"figc\">\n\t\t\t<div class=\"figc-inner\">\n\t\t\t\t\t\t\t\t\t\t\t\t\t\t\t<\/div>\n\t\t<\/div>\n\n\t<\/div>\n\n<\/div><div class=\"modula-item effect-pufrobo\" >\n\t<div class=\"modula-item-overlay\"><\/div>\n\n\t<div class=\"modula-item-content\">\n\n\t\t\t\t\n\t\t\t\t\t<a href=\"https:\/\/ofoto.lt\/wp-content\/uploads\/2025\/02\/www.ofoto_.lt_0029-BRIGHT.jpg\" rel=\"jtg-5224\" data-caption=\"Olivijos krik\u0161tynos. \u0160v\u010d. Mergel\u0117s Marijos Nekaltojo Prasid\u0117jimo ba\u017eny\u010dia, \u0160iauliai, 2024 m.\" class=\"tile-inner modula-item-link\"><\/a>\n\t\t\n\t\t\n\t\t<img decoding=\"async\" class='pic' data-valign=\"middle\" data-halign=\"center\" alt=\"\" src=\"https:\/\/ofoto.lt\/wp-content\/uploads\/2025\/02\/www.ofoto_.lt_0029-BRIGHT-1024x682.jpg\" data-src=\"https:\/\/ofoto.lt\/wp-content\/uploads\/2025\/02\/www.ofoto_.lt_0029-BRIGHT-1024x682.jpg\"\/>\n\n\t\t\n\t\t<div class=\"figc\">\n\t\t\t<div class=\"figc-inner\">\n\t\t\t\t\t\t\t\t\t\t\t\t\t\t\t<\/div>\n\t\t<\/div>\n\n\t<\/div>\n\n<\/div><div class=\"modula-item effect-pufrobo\" >\n\t<div class=\"modula-item-overlay\"><\/div>\n\n\t<div class=\"modula-item-content\">\n\n\t\t\t\t\n\t\t\t\t\t<a href=\"https:\/\/ofoto.lt\/wp-content\/uploads\/2025\/02\/www.ofoto_.lt_0037-BRIGHT-6.jpg\" rel=\"jtg-5224\" data-caption=\"Olivijos krik\u0161tynos. \u0160v\u010d. Mergel\u0117s Marijos Nekaltojo Prasid\u0117jimo ba\u017eny\u010dia, \u0160iauliai, 2024 m.\" class=\"tile-inner modula-item-link\"><\/a>\n\t\t\n\t\t\n\t\t<img decoding=\"async\" class='pic' data-valign=\"middle\" data-halign=\"center\" alt=\"\" src=\"https:\/\/ofoto.lt\/wp-content\/uploads\/2025\/02\/www.ofoto_.lt_0037-BRIGHT-6-1024x681.jpg\" data-src=\"https:\/\/ofoto.lt\/wp-content\/uploads\/2025\/02\/www.ofoto_.lt_0037-BRIGHT-6-1024x681.jpg\"\/>\n\n\t\t\n\t\t<div class=\"figc\">\n\t\t\t<div class=\"figc-inner\">\n\t\t\t\t\t\t\t\t\t\t\t\t\t\t\t<\/div>\n\t\t<\/div>\n\n\t<\/div>\n\n<\/div><div class=\"modula-item effect-pufrobo\" >\n\t<div class=\"modula-item-overlay\"><\/div>\n\n\t<div class=\"modula-item-content\">\n\n\t\t\t\t\n\t\t\t\t\t<a href=\"https:\/\/ofoto.lt\/wp-content\/uploads\/2025\/02\/www.ofoto_.lt_0043-BRIGHT-3.jpg\" rel=\"jtg-5224\" data-caption=\"Olivijos krik\u0161tynos. \u0160v\u010d. Mergel\u0117s Marijos Nekaltojo Prasid\u0117jimo ba\u017eny\u010dia, \u0160iauliai, 2024 m.\" class=\"tile-inner modula-item-link\"><\/a>\n\t\t\n\t\t\n\t\t<img decoding=\"async\" class='pic' data-valign=\"middle\" data-halign=\"center\" alt=\"\" src=\"https:\/\/ofoto.lt\/wp-content\/uploads\/2025\/02\/www.ofoto_.lt_0043-BRIGHT-3-681x1024.jpg\" data-src=\"https:\/\/ofoto.lt\/wp-content\/uploads\/2025\/02\/www.ofoto_.lt_0043-BRIGHT-3-681x1024.jpg\"\/>\n\n\t\t\n\t\t<div class=\"figc\">\n\t\t\t<div class=\"figc-inner\">\n\t\t\t\t\t\t\t\t\t\t\t\t\t\t\t<\/div>\n\t\t<\/div>\n\n\t<\/div>\n\n<\/div><div class=\"modula-item effect-pufrobo\" >\n\t<div class=\"modula-item-overlay\"><\/div>\n\n\t<div class=\"modula-item-content\">\n\n\t\t\t\t\n\t\t\t\t\t<a href=\"https:\/\/ofoto.lt\/wp-content\/uploads\/2025\/02\/www.ofoto_.lt_0044-BRIGHT-2.jpg\" rel=\"jtg-5224\" data-caption=\"Olivijos krik\u0161tynos. \u0160v\u010d. Mergel\u0117s Marijos Nekaltojo Prasid\u0117jimo ba\u017eny\u010dia, \u0160iauliai, 2024 m.\" class=\"tile-inner modula-item-link\"><\/a>\n\t\t\n\t\t\n\t\t<img decoding=\"async\" class='pic' data-valign=\"middle\" data-halign=\"center\" alt=\"\" src=\"https:\/\/ofoto.lt\/wp-content\/uploads\/2025\/02\/www.ofoto_.lt_0044-BRIGHT-2-1024x682.jpg\" data-src=\"https:\/\/ofoto.lt\/wp-content\/uploads\/2025\/02\/www.ofoto_.lt_0044-BRIGHT-2-1024x682.jpg\"\/>\n\n\t\t\n\t\t<div class=\"figc\">\n\t\t\t<div class=\"figc-inner\">\n\t\t\t\t\t\t\t\t\t\t\t\t\t\t\t<\/div>\n\t\t<\/div>\n\n\t<\/div>\n\n<\/div><div class=\"modula-item effect-pufrobo\" >\n\t<div class=\"modula-item-overlay\"><\/div>\n\n\t<div class=\"modula-item-content\">\n\n\t\t\t\t\n\t\t\t\t\t<a href=\"https:\/\/ofoto.lt\/wp-content\/uploads\/2025\/02\/www.ofoto_.lt_0049-BRIGHT-1.jpg\" rel=\"jtg-5224\" data-caption=\"Olivijos krik\u0161tynos. \u0160v\u010d. Mergel\u0117s Marijos Nekaltojo Prasid\u0117jimo ba\u017eny\u010dia, \u0160iauliai, 2024 m.\" class=\"tile-inner modula-item-link\"><\/a>\n\t\t\n\t\t\n\t\t<img decoding=\"async\" class='pic' data-valign=\"middle\" data-halign=\"center\" alt=\"\" src=\"https:\/\/ofoto.lt\/wp-content\/uploads\/2025\/02\/www.ofoto_.lt_0049-BRIGHT-1-682x1024.jpg\" data-src=\"https:\/\/ofoto.lt\/wp-content\/uploads\/2025\/02\/www.ofoto_.lt_0049-BRIGHT-1-682x1024.jpg\"\/>\n\n\t\t\n\t\t<div class=\"figc\">\n\t\t\t<div class=\"figc-inner\">\n\t\t\t\t\t\t\t\t\t\t\t\t\t\t\t<\/div>\n\t\t<\/div>\n\n\t<\/div>\n\n<\/div><div class=\"modula-item effect-pufrobo\" >\n\t<div class=\"modula-item-overlay\"><\/div>\n\n\t<div class=\"modula-item-content\">\n\n\t\t\t\t\n\t\t\t\t\t<a href=\"https:\/\/ofoto.lt\/wp-content\/uploads\/2025\/02\/www.ofoto_.lt_0057-BRIGHT.jpg\" rel=\"jtg-5224\" data-caption=\"Olivijos krik\u0161tynos. \u0160v\u010d. Mergel\u0117s Marijos Nekaltojo Prasid\u0117jimo ba\u017eny\u010dia, \u0160iauliai, 2024 m.\" class=\"tile-inner modula-item-link\"><\/a>\n\t\t\n\t\t\n\t\t<img decoding=\"async\" class='pic' data-valign=\"middle\" data-halign=\"center\" alt=\"\" src=\"https:\/\/ofoto.lt\/wp-content\/uploads\/2025\/02\/www.ofoto_.lt_0057-BRIGHT-1024x681.jpg\" data-src=\"https:\/\/ofoto.lt\/wp-content\/uploads\/2025\/02\/www.ofoto_.lt_0057-BRIGHT-1024x681.jpg\"\/>\n\n\t\t\n\t\t<div class=\"figc\">\n\t\t\t<div class=\"figc-inner\">\n\t\t\t\t\t\t\t\t\t\t\t\t\t\t\t<\/div>\n\t\t<\/div>\n\n\t<\/div>\n\n<\/div><div class=\"modula-item effect-pufrobo\" >\n\t<div class=\"modula-item-overlay\"><\/div>\n\n\t<div class=\"modula-item-content\">\n\n\t\t\t\t\n\t\t\t\t\t<a href=\"https:\/\/ofoto.lt\/wp-content\/uploads\/2025\/02\/www.ofoto_.lt_0058-BRIGHT-5.jpg\" rel=\"jtg-5224\" data-caption=\"Olivijos krik\u0161tynos. \u0160v\u010d. Mergel\u0117s Marijos Nekaltojo Prasid\u0117jimo ba\u017eny\u010dia, \u0160iauliai, 2024 m.\" class=\"tile-inner modula-item-link\"><\/a>\n\t\t\n\t\t\n\t\t<img decoding=\"async\" class='pic' data-valign=\"middle\" data-halign=\"center\" alt=\"\" src=\"https:\/\/ofoto.lt\/wp-content\/uploads\/2025\/02\/www.ofoto_.lt_0058-BRIGHT-5-681x1024.jpg\" data-src=\"https:\/\/ofoto.lt\/wp-content\/uploads\/2025\/02\/www.ofoto_.lt_0058-BRIGHT-5-681x1024.jpg\"\/>\n\n\t\t\n\t\t<div class=\"figc\">\n\t\t\t<div class=\"figc-inner\">\n\t\t\t\t\t\t\t\t\t\t\t\t\t\t\t<\/div>\n\t\t<\/div>\n\n\t<\/div>\n\n<\/div><div class=\"modula-item effect-pufrobo\" >\n\t<div class=\"modula-item-overlay\"><\/div>\n\n\t<div class=\"modula-item-content\">\n\n\t\t\t\t\n\t\t\t\t\t<a href=\"https:\/\/ofoto.lt\/wp-content\/uploads\/2025\/02\/www.ofoto_.lt_0059-BRIGHT.jpg\" rel=\"jtg-5224\" data-caption=\"Olivijos krik\u0161tynos. Fotosesija \u0161alia ba\u017eny\u010dios, \u0160iauliai, 2024 m.\" class=\"tile-inner modula-item-link\"><\/a>\n\t\t\n\t\t\n\t\t<img decoding=\"async\" class='pic' data-valign=\"middle\" data-halign=\"center\" alt=\"\" src=\"https:\/\/ofoto.lt\/wp-content\/uploads\/2025\/02\/www.ofoto_.lt_0059-BRIGHT-682x1024.jpg\" data-src=\"https:\/\/ofoto.lt\/wp-content\/uploads\/2025\/02\/www.ofoto_.lt_0059-BRIGHT-682x1024.jpg\"\/>\n\n\t\t\n\t\t<div class=\"figc\">\n\t\t\t<div class=\"figc-inner\">\n\t\t\t\t\t\t\t\t\t\t\t\t\t\t\t<\/div>\n\t\t<\/div>\n\n\t<\/div>\n\n<\/div><div class=\"modula-item effect-pufrobo\" >\n\t<div class=\"modula-item-overlay\"><\/div>\n\n\t<div class=\"modula-item-content\">\n\n\t\t\t\t\n\t\t\t\t\t<a href=\"https:\/\/ofoto.lt\/wp-content\/uploads\/2025\/02\/www.ofoto_.lt_0089-BRIGHT-1.jpg\" rel=\"jtg-5224\" data-caption=\"Olivijos krik\u0161tynos. Fotosesija \u0161vent\u0117s vietoje, \u0160iauli\u0173 r., 2024 m.\" class=\"tile-inner modula-item-link\"><\/a>\n\t\t\n\t\t\n\t\t<img decoding=\"async\" class='pic' data-valign=\"middle\" data-halign=\"center\" alt=\"\" src=\"https:\/\/ofoto.lt\/wp-content\/uploads\/2025\/02\/www.ofoto_.lt_0089-BRIGHT-1-1024x682.jpg\" data-src=\"https:\/\/ofoto.lt\/wp-content\/uploads\/2025\/02\/www.ofoto_.lt_0089-BRIGHT-1-1024x682.jpg\"\/>\n\n\t\t\n\t\t<div class=\"figc\">\n\t\t\t<div class=\"figc-inner\">\n\t\t\t\t\t\t\t\t\t\t\t\t\t\t\t<\/div>\n\t\t<\/div>\n\n\t<\/div>\n\n<\/div><div class=\"modula-item effect-pufrobo\" >\n\t<div class=\"modula-item-overlay\"><\/div>\n\n\t<div class=\"modula-item-content\">\n\n\t\t\t\t\n\t\t\t\t\t<a href=\"https:\/\/ofoto.lt\/wp-content\/uploads\/2025\/02\/www.ofoto_.lt_0065-BRIGHT.jpg\" rel=\"jtg-5224\" data-caption=\"Olivijos krik\u0161tynos. Fotosesija \u0161vent\u0117s vietoje, \u0160iauli\u0173 r., 2024 m.\" class=\"tile-inner modula-item-link\"><\/a>\n\t\t\n\t\t\n\t\t<img decoding=\"async\" class='pic' data-valign=\"middle\" data-halign=\"center\" alt=\"\" src=\"https:\/\/ofoto.lt\/wp-content\/uploads\/2025\/02\/www.ofoto_.lt_0065-BRIGHT-682x1024.jpg\" data-src=\"https:\/\/ofoto.lt\/wp-content\/uploads\/2025\/02\/www.ofoto_.lt_0065-BRIGHT-682x1024.jpg\"\/>\n\n\t\t\n\t\t<div class=\"figc\">\n\t\t\t<div class=\"figc-inner\">\n\t\t\t\t\t\t\t\t\t\t\t\t\t\t\t<\/div>\n\t\t<\/div>\n\n\t<\/div>\n\n<\/div><div class=\"modula-item effect-pufrobo\" >\n\t<div class=\"modula-item-overlay\"><\/div>\n\n\t<div class=\"modula-item-content\">\n\n\t\t\t\t\n\t\t\t\t\t<a href=\"https:\/\/ofoto.lt\/wp-content\/uploads\/2025\/02\/www.ofoto_.lt_0083-BRIGHT.jpg\" rel=\"jtg-5224\" data-caption=\"Olivijos krik\u0161tynos. Fotosesija \u0161vent\u0117s vietoje, \u0160iauli\u0173 r., 2024 m.\" class=\"tile-inner modula-item-link\"><\/a>\n\t\t\n\t\t\n\t\t<img decoding=\"async\" class='pic' data-valign=\"middle\" data-halign=\"center\" alt=\"\" src=\"https:\/\/ofoto.lt\/wp-content\/uploads\/2025\/02\/www.ofoto_.lt_0083-BRIGHT-1024x681.jpg\" data-src=\"https:\/\/ofoto.lt\/wp-content\/uploads\/2025\/02\/www.ofoto_.lt_0083-BRIGHT-1024x681.jpg\"\/>\n\n\t\t\n\t\t<div class=\"figc\">\n\t\t\t<div class=\"figc-inner\">\n\t\t\t\t\t\t\t\t\t\t\t\t\t\t\t<\/div>\n\t\t<\/div>\n\n\t<\/div>\n\n<\/div><div class=\"modula-item effect-pufrobo\" >\n\t<div class=\"modula-item-overlay\"><\/div>\n\n\t<div class=\"modula-item-content\">\n\n\t\t\t\t\n\t\t\t\t\t<a href=\"https:\/\/ofoto.lt\/wp-content\/uploads\/2025\/02\/www.ofoto_.lt_0088-BRIGHT.jpg\" rel=\"jtg-5224\" data-caption=\"Olivijos krik\u0161tynos. Fotosesija \u0161vent\u0117s vietoje, \u0160iauli\u0173 r., 2024 m.\" class=\"tile-inner modula-item-link\"><\/a>\n\t\t\n\t\t\n\t\t<img decoding=\"async\" class='pic' data-valign=\"middle\" data-halign=\"center\" alt=\"\" src=\"https:\/\/ofoto.lt\/wp-content\/uploads\/2025\/02\/www.ofoto_.lt_0088-BRIGHT-1024x682.jpg\" data-src=\"https:\/\/ofoto.lt\/wp-content\/uploads\/2025\/02\/www.ofoto_.lt_0088-BRIGHT-1024x682.jpg\"\/>\n\n\t\t\n\t\t<div class=\"figc\">\n\t\t\t<div class=\"figc-inner\">\n\t\t\t\t\t\t\t\t\t\t\t\t\t\t\t<\/div>\n\t\t<\/div>\n\n\t<\/div>\n\n<\/div>\t\t\n\t<\/div>\n\n\t\n\t\n\t<script type=\"application\/ld+json\">\n\t{\n\t\t\"@context\": \"http:\/\/schema.org\",\n\t\t\"@type\"   : \"ImageGallery\",\n\t\t\"id\"      : \"https:\/\/ofoto.lt\",\n\t\t\"url\"     : \"https:\/\/ofoto.lt\"\n\t}\n\n    <\/script>\n\n\t\n<\/div>","protected":false},"excerpt":{"rendered":"","protected":false},"author":1,"featured_media":0,"parent":0,"menu_order":0,"comment_status":"closed","ping_status":"closed","template":"","meta":{"footnotes":""},"class_list":["post-5438","page","type-page","status-publish","hentry"],"_links":{"self":[{"href":"https:\/\/ofoto.lt\/index.php?rest_route=\/wp\/v2\/pages\/5438","targetHints":{"allow":["GET"]}}],"collection":[{"href":"https:\/\/ofoto.lt\/index.php?rest_route=\/wp\/v2\/pages"}],"about":[{"href":"https:\/\/ofoto.lt\/index.php?rest_route=\/wp\/v2\/types\/page"}],"author":[{"embeddable":true,"href":"https:\/\/ofoto.lt\/index.php?rest_route=\/wp\/v2\/users\/1"}],"replies":[{"embeddable":true,"href":"https:\/\/ofoto.lt\/index.php?rest_route=%2Fwp%2Fv2%2Fcomments&post=5438"}],"version-history":[{"count":1,"href":"https:\/\/ofoto.lt\/index.php?rest_route=\/wp\/v2\/pages\/5438\/revisions"}],"predecessor-version":[{"id":5439,"href":"https:\/\/ofoto.lt\/index.php?rest_route=\/wp\/v2\/pages\/5438\/revisions\/5439"}],"wp:attachment":[{"href":"https:\/\/ofoto.lt\/index.php?rest_route=%2Fwp%2Fv2%2Fmedia&parent=5438"}],"curies":[{"name":"wp","href":"https:\/\/api.w.org\/{rel}","templated":true}]}}