{"id":41,"date":"2020-07-09T09:26:35","date_gmt":"2020-07-09T09:26:35","guid":{"rendered":"http:\/\/ofoto.lt\/?page_id=41"},"modified":"2025-04-12T08:10:30","modified_gmt":"2025-04-12T06:10:30","slug":"apie-mane","status":"publish","type":"page","link":"https:\/\/ofoto.lt\/?page_id=41","title":{"rendered":"Apie mane"},"content":{"rendered":"\n<p class=\"has-text-align-left has-white-color has-text-color has-link-color wp-elements-b0860c2ce5dcec92aedd43bc09eacdff\"><\/p>\n\n\n<div class=\"wp-block-image\">\n<figure class=\"alignleft size-large is-resized\"><img loading=\"lazy\" decoding=\"async\" width=\"1024\" height=\"1024\" src=\"https:\/\/ofoto.lt\/wp-content\/uploads\/2025\/04\/483485668_10225334277975415_8378283531177113024_n-1024x1024.jpg\" alt=\"\" class=\"wp-image-7997\" style=\"width:227px;height:auto\" srcset=\"https:\/\/ofoto.lt\/wp-content\/uploads\/2025\/04\/483485668_10225334277975415_8378283531177113024_n-1024x1024.jpg 1024w, https:\/\/ofoto.lt\/wp-content\/uploads\/2025\/04\/483485668_10225334277975415_8378283531177113024_n-300x300.jpg 300w, https:\/\/ofoto.lt\/wp-content\/uploads\/2025\/04\/483485668_10225334277975415_8378283531177113024_n-150x150.jpg 150w, https:\/\/ofoto.lt\/wp-content\/uploads\/2025\/04\/483485668_10225334277975415_8378283531177113024_n-768x767.jpg 768w, https:\/\/ofoto.lt\/wp-content\/uploads\/2025\/04\/483485668_10225334277975415_8378283531177113024_n-1536x1534.jpg 1536w, https:\/\/ofoto.lt\/wp-content\/uploads\/2025\/04\/483485668_10225334277975415_8378283531177113024_n-1240x1239.jpg 1240w, https:\/\/ofoto.lt\/wp-content\/uploads\/2025\/04\/483485668_10225334277975415_8378283531177113024_n-508x507.jpg 508w, https:\/\/ofoto.lt\/wp-content\/uploads\/2025\/04\/483485668_10225334277975415_8378283531177113024_n.jpg 1688w\" sizes=\"auto, (max-width: 1024px) 100vw, 1024px\" \/><\/figure><\/div>\n\n\n<p class=\"has-white-color has-text-color has-link-color wp-elements-ad946716c49c4e376351a87b190327ee\">Pirmiausia, \u017einoma, tariu LABAS! \ud83d\ude09<\/p>\n\n\n\n<p class=\"has-white-color has-text-color has-link-color wp-elements-0dd8b435495c4aabfcbf487755200cde\">Esu Asta, OFOTO.LT fotograf\u0117. Jau vir\u0161 penki\u0173 met\u0173 fotografuoju krik\u0161tynas, vestuves, bei kuriu svarbi\u0173 akimirk\u0173 prisiminim\u0105 nuotraukose.<\/p>\n\n\n\n<p class=\"has-white-color has-text-color has-link-color wp-elements-e1eb2f6b390b6c14e0fce703991c015e\">K\u016brybi\u0161kumas \u2013 neatsiejama mano gyvenimo dalis, tad su d\u017eiaugsmu improvizuoju ir fotosesijose atsi\u017evelgiu \u012f klient\u0105. Jei reikia \u2013 patariu d\u0117l pozavimo, arba tiesiog gaudau laisv\u0173 akimirk\u0173 \u017eaves\u012f. Viskas vyksta sinchroni\u0161kai, priklausomai nuo situacijos. Galiu garantuoti malon\u0173 bendravim\u0105 nuo pirmojo labas, iki kruop\u0161\u010diai paruo\u0161t\u0173 fotografij\u0173 atidavimo.<\/p>\n\n\n\n<p class=\"has-white-color has-text-color has-link-color wp-elements-0f13877518174cae09f031aacef5d241\">Lietuva \u2013 labai kompakti\u0161ka, tad dirbu visoje \u0161alyje. Susisiekite ir aptarsime galimyb\u0119 fotosusitikimui.<\/p>\n\n\n\n<p class=\"has-white-color has-text-color has-link-color wp-elements-05207f80b3108c08578e36ff28d80e8e\">Iki malonaus!<\/p>\n\n\n\n<p class=\"has-white-color has-text-color has-link-color wp-elements-75b6978c018d0878f08643c55d59187e\">Asta<\/p>\n","protected":false},"excerpt":{"rendered":"<p>Pirmiausia, \u017einoma, tariu LABAS! \ud83d\ude09 Esu Asta, OFOTO.LT fotograf\u0117. Jau vir\u0161 penki\u0173 met\u0173 fotografuoju krik\u0161tynas, vestuves, bei kuriu svarbi\u0173 akimirk\u0173 prisiminim\u0105 nuotraukose. K\u016brybi\u0161kumas \u2013 neatsiejama mano gyvenimo dalis, tad su d\u017eiaugsmu improvizuoju ir fotosesijose atsi\u017evelgiu \u012f klient\u0105. Jei reikia \u2013 patariu d\u0117l pozavimo, arba tiesiog gaudau laisv\u0173 akimirk\u0173 \u017eaves\u012f. Viskas vyksta sinchroni\u0161kai, priklausomai nuo situacijos. [&hellip;]<\/p>\n","protected":false},"author":1,"featured_media":0,"parent":0,"menu_order":0,"comment_status":"closed","ping_status":"closed","template":"","meta":{"footnotes":""},"class_list":["post-41","page","type-page","status-publish","hentry"],"_links":{"self":[{"href":"https:\/\/ofoto.lt\/index.php?rest_route=\/wp\/v2\/pages\/41","targetHints":{"allow":["GET"]}}],"collection":[{"href":"https:\/\/ofoto.lt\/index.php?rest_route=\/wp\/v2\/pages"}],"about":[{"href":"https:\/\/ofoto.lt\/index.php?rest_route=\/wp\/v2\/types\/page"}],"author":[{"embeddable":true,"href":"https:\/\/ofoto.lt\/index.php?rest_route=\/wp\/v2\/users\/1"}],"replies":[{"embeddable":true,"href":"https:\/\/ofoto.lt\/index.php?rest_route=%2Fwp%2Fv2%2Fcomments&post=41"}],"version-history":[{"count":59,"href":"https:\/\/ofoto.lt\/index.php?rest_route=\/wp\/v2\/pages\/41\/revisions"}],"predecessor-version":[{"id":8002,"href":"https:\/\/ofoto.lt\/index.php?rest_route=\/wp\/v2\/pages\/41\/revisions\/8002"}],"wp:attachment":[{"href":"https:\/\/ofoto.lt\/index.php?rest_route=%2Fwp%2Fv2%2Fmedia&parent=41"}],"curies":[{"name":"wp","href":"https:\/\/api.w.org\/{rel}","templated":true}]}}