{"id":1417,"date":"2021-08-25T11:13:52","date_gmt":"2021-08-25T09:13:52","guid":{"rendered":"http:\/\/ofoto.lt\/?page_id=1417"},"modified":"2023-08-03T05:56:19","modified_gmt":"2023-08-03T03:56:19","slug":"krikstynu-dekoracijos-antrasis-fotokampelis","status":"publish","type":"page","link":"https:\/\/ofoto.lt\/?page_id=1417","title":{"rendered":"Antrasis foto kampelis"},"content":{"rendered":"<style>#jtg-1419 .modula-item .jtg-social a, .lightbox-socials.jtg-social a{ color: #ffffff }#jtg-1419 .modula-item .jtg-social svg, .lightbox-socials.jtg-social svg { height: 16px; width: 16px }#jtg-1419 .modula-item .jtg-social a:not(:last-child), .lightbox-socials.jtg-social a:not(:last-child) { margin-right: 10px }#jtg-1419 .modula-item .caption { background-color: #ffffff;  }#jtg-1419 .modula-item .figc {color:#ffffff;}#jtg-1419.modula-loaded-scale .modula-item .modula-item-content { animation:modulaScaling 1s;transition:0.5s all;opacity: 1; }@keyframes modulaScaling { 0% {transform:scale(1)} 50%{transform: scale(1)}100%{transform:scale(1)}}#jtg-1419 { width:100%;}#jtg-1419 .modula-items .figc p.description { font-size:14px; }#jtg-1419 .modula-items .figc p.description { color:#ffffff;}#jtg-1419 .modula-items .figc .jtg-title { color:#ffffff; }#jtg-1419 .modula-item > .modula-item-content > a { cursor:zoom-in; } @media screen and (max-width:480px){#jtg-1419 .modula-item .figc .jtg-title {  font-size: 12px; }#jtg-1419 .modula-items .figc p.description { color:#ffffff;font-size:10px; }}<\/style>\n<!-- Gallery Container -->\n<div  id=\"jtg-1419\" class=\"modula modula-gallery modula-columns\" data-config=\"{&quot;enableTwitter&quot;:false,&quot;enableWhatsapp&quot;:false,&quot;enableFacebook&quot;:false,&quot;enablePinterest&quot;:false,&quot;enableLinkedin&quot;:false,&quot;randomFactor&quot;:0.5,&quot;type&quot;:&quot;grid&quot;,&quot;columns&quot;:12,&quot;gutter&quot;:10,&quot;enableResponsive&quot;:&quot;0&quot;,&quot;tabletColumns&quot;:&quot;2&quot;,&quot;mobileColumns&quot;:&quot;1&quot;,&quot;lazyLoad&quot;:&quot;1&quot;,&quot;lightboxOpts&quot;:{&quot;loop&quot;:false,&quot;arrows&quot;:true,&quot;toolbar&quot;:true,&quot;keyboard&quot;:false,&quot;wheel&quot;:false,&quot;buttons&quot;:[&quot;close&quot;],&quot;hash&quot;:false,&quot;lang&quot;:&quot;en&quot;,&quot;touch&quot;:false,&quot;protect&quot;:false,&quot;i18n&quot;:{&quot;en&quot;:{&quot;CLOSE&quot;:&quot;Close&quot;,&quot;NEXT&quot;:&quot;Next&quot;,&quot;PREV&quot;:&quot;Previous&quot;,&quot;Error&quot;:&quot;The requested content cannot be loaded. Please try again later.&quot;,&quot;PLAY_START&quot;:&quot;Start slideshow&quot;,&quot;PLAY_STOP&quot;:&quot;Pause slideshow&quot;,&quot;FULL_SCREEN&quot;:&quot;Full screen&quot;,&quot;THUMBS&quot;:&quot;Thumbnails&quot;,&quot;DOWNLOAD&quot;:&quot;Download&quot;,&quot;SHARE&quot;:&quot;Share&quot;,&quot;ZOOM&quot;:&quot;Zoom&quot;}},&quot;clickSlide&quot;:false,&quot;clickOutside&quot;:false,&quot;dblclickContent&quot;:false,&quot;dblclickSlide&quot;:false,&quot;dblclickOutside&quot;:false,&quot;clickContent&quot;:false},&quot;inView&quot;:true,&quot;grid_type&quot;:&quot;automatic&quot;,&quot;rowHeight&quot;:150,&quot;lastRow&quot;:&quot;justify&quot;,&quot;lightbox&quot;:&quot;fancybox&quot;}\">\n\n\t\n\t<!-- Items Container -->\n\t<div  class=\"modula-items grid-gallery\">\n\t\t<div class=\"modula-item effect-pufrobo\" >\n\t<div class=\"modula-item-overlay\"><\/div>\n\n\t<div class=\"modula-item-content\">\n\n\t\t\t\t\n\t\t\t\t\t<a href=\"https:\/\/ofoto.lt\/wp-content\/uploads\/2022\/12\/DSC_5580cccc.jpg\" rel=\"jtg-1419\" data-caption=\"Kaimo turizmo sodyba ,,Grib\u017e\u0117&quot;. Klaip\u0117dos r., 2021 m.\" class=\"tile-inner modula-item-link\"><\/a>\n\t\t\n\t\t\n\t\t<img decoding=\"async\" class='pic' data-valign=\"middle\" data-halign=\"center\" alt=\"\" src=\"https:\/\/ofoto.lt\/wp-content\/uploads\/2022\/12\/DSC_5580cccc-1024x683.jpg\" data-src=\"https:\/\/ofoto.lt\/wp-content\/uploads\/2022\/12\/DSC_5580cccc-1024x683.jpg\"\/>\n\n\t\t\n\t\t<div class=\"figc\">\n\t\t\t<div class=\"figc-inner\">\n\t\t\t\t\t\t\t\t\t\t\t\t\t\t\t\t<div class=\"jtg-social\">\n\t\t\t\t\t\t\t\t\t\t\t\t\t\t\t\t\t\t\t\t\t\t\t\t\t\t\t\t\t<\/div>\n\t\t\t\t\t\t\t<\/div>\n\t\t<\/div>\n\n\t<\/div>\n\n<\/div><div class=\"modula-item effect-pufrobo\" >\n\t<div class=\"modula-item-overlay\"><\/div>\n\n\t<div class=\"modula-item-content\">\n\n\t\t\t\t\n\t\t\t\t\t<a href=\"https:\/\/ofoto.lt\/wp-content\/uploads\/2022\/12\/DSC_9120.jpg\" rel=\"jtg-1419\" data-caption=\"Kaimo turizmo sodyba ,,Bra\u017euol\u0117je pas Juoz\u0105&quot;. Trak\u0173 r., 2022 m.\" class=\"tile-inner modula-item-link\"><\/a>\n\t\t\n\t\t\n\t\t<img decoding=\"async\" class='pic' data-valign=\"middle\" data-halign=\"center\" alt=\"\" src=\"https:\/\/ofoto.lt\/wp-content\/uploads\/2022\/12\/DSC_9120-1024x683.jpg\" data-src=\"https:\/\/ofoto.lt\/wp-content\/uploads\/2022\/12\/DSC_9120-1024x683.jpg\"\/>\n\n\t\t\n\t\t<div class=\"figc\">\n\t\t\t<div class=\"figc-inner\">\n\t\t\t\t\t\t\t\t\t\t\t\t\t\t\t\t<div class=\"jtg-social\">\n\t\t\t\t\t\t\t\t\t\t\t\t\t\t\t\t\t\t\t\t\t\t\t\t\t\t\t\t\t<\/div>\n\t\t\t\t\t\t\t<\/div>\n\t\t<\/div>\n\n\t<\/div>\n\n<\/div><div class=\"modula-item effect-pufrobo\" >\n\t<div class=\"modula-item-overlay\"><\/div>\n\n\t<div class=\"modula-item-content\">\n\n\t\t\t\t\n\t\t\t\t\t<a href=\"https:\/\/ofoto.lt\/wp-content\/uploads\/2022\/12\/DSC_0752v.jpg\" rel=\"jtg-1419\" data-caption=\"\u0160alia Cordo.22 restorano. Panev\u0117\u017eio r., 2021 m.\" class=\"tile-inner modula-item-link\"><\/a>\n\t\t\n\t\t\n\t\t<img decoding=\"async\" class='pic' data-valign=\"middle\" data-halign=\"center\" alt=\"\" src=\"https:\/\/ofoto.lt\/wp-content\/uploads\/2022\/12\/DSC_0752v-1024x683.jpg\" data-src=\"https:\/\/ofoto.lt\/wp-content\/uploads\/2022\/12\/DSC_0752v-1024x683.jpg\"\/>\n\n\t\t\n\t\t<div class=\"figc\">\n\t\t\t<div class=\"figc-inner\">\n\t\t\t\t\t\t\t\t\t\t\t\t\t\t\t\t<div class=\"jtg-social\">\n\t\t\t\t\t\t\t\t\t\t\t\t\t\t\t\t\t\t\t\t\t\t\t\t\t\t\t\t\t<\/div>\n\t\t\t\t\t\t\t<\/div>\n\t\t<\/div>\n\n\t<\/div>\n\n<\/div><div class=\"modula-item effect-pufrobo\" >\n\t<div class=\"modula-item-overlay\"><\/div>\n\n\t<div class=\"modula-item-content\">\n\n\t\t\t\t\n\t\t\t\t\t<a href=\"https:\/\/ofoto.lt\/wp-content\/uploads\/2022\/12\/DSC_1742.jpg\" rel=\"jtg-1419\" data-caption=\"\u0160alia ,,Pr\u016bdelio&quot;. \u0160iauliai, 2022 m.\" class=\"tile-inner modula-item-link\"><\/a>\n\t\t\n\t\t\n\t\t<img decoding=\"async\" class='pic' data-valign=\"middle\" data-halign=\"center\" alt=\"\" src=\"https:\/\/ofoto.lt\/wp-content\/uploads\/2022\/12\/DSC_1742-1024x683.jpg\" data-src=\"https:\/\/ofoto.lt\/wp-content\/uploads\/2022\/12\/DSC_1742-1024x683.jpg\"\/>\n\n\t\t\n\t\t<div class=\"figc\">\n\t\t\t<div class=\"figc-inner\">\n\t\t\t\t\t\t\t\t\t\t\t\t\t\t\t\t<div class=\"jtg-social\">\n\t\t\t\t\t\t\t\t\t\t\t\t\t\t\t\t\t\t\t\t\t\t\t\t\t\t\t\t\t<\/div>\n\t\t\t\t\t\t\t<\/div>\n\t\t<\/div>\n\n\t<\/div>\n\n<\/div><div class=\"modula-item effect-pufrobo\" >\n\t<div class=\"modula-item-overlay\"><\/div>\n\n\t<div class=\"modula-item-content\">\n\n\t\t\t\t\n\t\t\t\t\t<a href=\"https:\/\/ofoto.lt\/wp-content\/uploads\/2022\/12\/DSC_2597.jpg\" rel=\"jtg-1419\" data-caption=\"Bernardin\u0173 sodas. Vilnius, 2021 m.\" class=\"tile-inner modula-item-link\"><\/a>\n\t\t\n\t\t\n\t\t<img decoding=\"async\" class='pic' data-valign=\"middle\" data-halign=\"center\" alt=\"\" src=\"https:\/\/ofoto.lt\/wp-content\/uploads\/2022\/12\/DSC_2597-1024x683.jpg\" data-src=\"https:\/\/ofoto.lt\/wp-content\/uploads\/2022\/12\/DSC_2597-1024x683.jpg\"\/>\n\n\t\t\n\t\t<div class=\"figc\">\n\t\t\t<div class=\"figc-inner\">\n\t\t\t\t\t\t\t\t\t\t\t\t\t\t\t\t<div class=\"jtg-social\">\n\t\t\t\t\t\t\t\t\t\t\t\t\t\t\t\t\t\t\t\t\t\t\t\t\t\t\t\t\t<\/div>\n\t\t\t\t\t\t\t<\/div>\n\t\t<\/div>\n\n\t<\/div>\n\n<\/div><div class=\"modula-item effect-pufrobo\" >\n\t<div class=\"modula-item-overlay\"><\/div>\n\n\t<div class=\"modula-item-content\">\n\n\t\t\t\t\n\t\t\t\t\t<a href=\"https:\/\/ofoto.lt\/wp-content\/uploads\/2022\/12\/DSC_0654b.jpg\" rel=\"jtg-1419\" data-caption=\"Nam\u0173 kiemas. Panev\u0117\u017eio r., 2020 m.\" class=\"tile-inner modula-item-link\"><\/a>\n\t\t\n\t\t\n\t\t<img decoding=\"async\" class='pic' data-valign=\"middle\" data-halign=\"center\" alt=\"\" src=\"https:\/\/ofoto.lt\/wp-content\/uploads\/2022\/12\/DSC_0654b-1024x683.jpg\" data-src=\"https:\/\/ofoto.lt\/wp-content\/uploads\/2022\/12\/DSC_0654b-1024x683.jpg\"\/>\n\n\t\t\n\t\t<div class=\"figc\">\n\t\t\t<div class=\"figc-inner\">\n\t\t\t\t\t\t\t\t\t\t\t\t\t\t\t\t<div class=\"jtg-social\">\n\t\t\t\t\t\t\t\t\t\t\t\t\t\t\t\t\t\t\t\t\t\t\t\t\t\t\t\t\t<\/div>\n\t\t\t\t\t\t\t<\/div>\n\t\t<\/div>\n\n\t<\/div>\n\n<\/div><div class=\"modula-item effect-pufrobo\" >\n\t<div class=\"modula-item-overlay\"><\/div>\n\n\t<div class=\"modula-item-content\">\n\n\t\t\t\t\n\t\t\t\t\t<a href=\"https:\/\/ofoto.lt\/wp-content\/uploads\/2022\/12\/DSC_5075b.jpg\" rel=\"jtg-1419\" data-caption=\"Vingio parkas. Vilnius, 2021 m.\" class=\"tile-inner modula-item-link\"><\/a>\n\t\t\n\t\t\n\t\t<img decoding=\"async\" class='pic' data-valign=\"middle\" data-halign=\"center\" alt=\"\" src=\"https:\/\/ofoto.lt\/wp-content\/uploads\/2022\/12\/DSC_5075b-1024x683.jpg\" data-src=\"https:\/\/ofoto.lt\/wp-content\/uploads\/2022\/12\/DSC_5075b-1024x683.jpg\"\/>\n\n\t\t\n\t\t<div class=\"figc\">\n\t\t\t<div class=\"figc-inner\">\n\t\t\t\t\t\t\t\t\t\t\t\t\t\t\t\t<div class=\"jtg-social\">\n\t\t\t\t\t\t\t\t\t\t\t\t\t\t\t\t\t\t\t\t\t\t\t\t\t\t\t\t\t<\/div>\n\t\t\t\t\t\t\t<\/div>\n\t\t<\/div>\n\n\t<\/div>\n\n<\/div><div class=\"modula-item effect-pufrobo\" >\n\t<div class=\"modula-item-overlay\"><\/div>\n\n\t<div class=\"modula-item-content\">\n\n\t\t\t\t\n\t\t\t\t\t<a href=\"https:\/\/ofoto.lt\/wp-content\/uploads\/2022\/12\/DSC_5578.jpg\" rel=\"jtg-1419\" data-caption=\",,Levand\u0173 rojus&quot;. Utenos r., 2020 m.\" class=\"tile-inner modula-item-link\"><\/a>\n\t\t\n\t\t\n\t\t<img decoding=\"async\" class='pic' data-valign=\"middle\" data-halign=\"center\" alt=\"\" src=\"https:\/\/ofoto.lt\/wp-content\/uploads\/2022\/12\/DSC_5578-1024x683.jpg\" data-src=\"https:\/\/ofoto.lt\/wp-content\/uploads\/2022\/12\/DSC_5578-1024x683.jpg\"\/>\n\n\t\t\n\t\t<div class=\"figc\">\n\t\t\t<div class=\"figc-inner\">\n\t\t\t\t\t\t\t\t\t\t\t\t\t\t\t\t<div class=\"jtg-social\">\n\t\t\t\t\t\t\t\t\t\t\t\t\t\t\t\t\t\t\t\t\t\t\t\t\t\t\t\t\t<\/div>\n\t\t\t\t\t\t\t<\/div>\n\t\t<\/div>\n\n\t<\/div>\n\n<\/div><div class=\"modula-item effect-pufrobo\" >\n\t<div class=\"modula-item-overlay\"><\/div>\n\n\t<div class=\"modula-item-content\">\n\n\t\t\t\t\n\t\t\t\t\t<a href=\"https:\/\/ofoto.lt\/wp-content\/uploads\/2022\/12\/DSC_4685.jpg\" rel=\"jtg-1419\" data-caption=\",,Med\u017eiotoj\u0173 u\u017eeiga&quot;. Joni\u0161kio r., 2022 m.\" class=\"tile-inner modula-item-link\"><\/a>\n\t\t\n\t\t\n\t\t<img decoding=\"async\" class='pic' data-valign=\"middle\" data-halign=\"center\" alt=\"\" src=\"https:\/\/ofoto.lt\/wp-content\/uploads\/2022\/12\/DSC_4685-1024x683.jpg\" data-src=\"https:\/\/ofoto.lt\/wp-content\/uploads\/2022\/12\/DSC_4685-1024x683.jpg\"\/>\n\n\t\t\n\t\t<div class=\"figc\">\n\t\t\t<div class=\"figc-inner\">\n\t\t\t\t\t\t\t\t\t\t\t\t\t\t\t\t<div class=\"jtg-social\">\n\t\t\t\t\t\t\t\t\t\t\t\t\t\t\t\t\t\t\t\t\t\t\t\t\t\t\t\t\t<\/div>\n\t\t\t\t\t\t\t<\/div>\n\t\t<\/div>\n\n\t<\/div>\n\n<\/div><div class=\"modula-item effect-pufrobo\" >\n\t<div class=\"modula-item-overlay\"><\/div>\n\n\t<div class=\"modula-item-content\">\n\n\t\t\t\t\n\t\t\t\t\t<a href=\"https:\/\/ofoto.lt\/wp-content\/uploads\/2022\/12\/DSC_2368v.jpg\" rel=\"jtg-1419\" data-caption=\"Kult\u016bros ir poilsio parkas. Panev\u0117\u017eys, 2021 m.\" class=\"tile-inner modula-item-link\"><\/a>\n\t\t\n\t\t\n\t\t<img decoding=\"async\" class='pic' data-valign=\"middle\" data-halign=\"center\" alt=\"\" src=\"https:\/\/ofoto.lt\/wp-content\/uploads\/2022\/12\/DSC_2368v-1024x683.jpg\" data-src=\"https:\/\/ofoto.lt\/wp-content\/uploads\/2022\/12\/DSC_2368v-1024x683.jpg\"\/>\n\n\t\t\n\t\t<div class=\"figc\">\n\t\t\t<div class=\"figc-inner\">\n\t\t\t\t\t\t\t\t\t\t\t\t\t\t\t\t<div class=\"jtg-social\">\n\t\t\t\t\t\t\t\t\t\t\t\t\t\t\t\t\t\t\t\t\t\t\t\t\t\t\t\t\t<\/div>\n\t\t\t\t\t\t\t<\/div>\n\t\t<\/div>\n\n\t<\/div>\n\n<\/div><div class=\"modula-item effect-pufrobo\" >\n\t<div class=\"modula-item-overlay\"><\/div>\n\n\t<div class=\"modula-item-content\">\n\n\t\t\t\t\n\t\t\t\t\t<a href=\"https:\/\/ofoto.lt\/wp-content\/uploads\/2022\/12\/DSC_7468x.jpg\" rel=\"jtg-1419\" data-caption=\"\u0160alia Klaip\u0117dos evangelik\u0173 liuteron\u0173 ba\u017eny\u010dios. Klaip\u0117da, 2021 m.\" class=\"tile-inner modula-item-link\"><\/a>\n\t\t\n\t\t\n\t\t<img decoding=\"async\" class='pic' data-valign=\"middle\" data-halign=\"center\" alt=\"\" src=\"https:\/\/ofoto.lt\/wp-content\/uploads\/2022\/12\/DSC_7468x-1024x683.jpg\" data-src=\"https:\/\/ofoto.lt\/wp-content\/uploads\/2022\/12\/DSC_7468x-1024x683.jpg\"\/>\n\n\t\t\n\t\t<div class=\"figc\">\n\t\t\t<div class=\"figc-inner\">\n\t\t\t\t\t\t\t\t\t\t\t\t\t\t\t\t<div class=\"jtg-social\">\n\t\t\t\t\t\t\t\t\t\t\t\t\t\t\t\t\t\t\t\t\t\t\t\t\t\t\t\t\t<\/div>\n\t\t\t\t\t\t\t<\/div>\n\t\t<\/div>\n\n\t<\/div>\n\n<\/div><div class=\"modula-item effect-pufrobo\" >\n\t<div class=\"modula-item-overlay\"><\/div>\n\n\t<div class=\"modula-item-content\">\n\n\t\t\t\t\n\t\t\t\t\t<a href=\"https:\/\/ofoto.lt\/wp-content\/uploads\/2022\/12\/DSC_9513b.jpg\" rel=\"jtg-1419\" data-caption=\"Nam\u0173 kiemas. Roki\u0161kio r., 2021 m.\" class=\"tile-inner modula-item-link\"><\/a>\n\t\t\n\t\t\n\t\t<img decoding=\"async\" class='pic' data-valign=\"middle\" data-halign=\"center\" alt=\"\" src=\"https:\/\/ofoto.lt\/wp-content\/uploads\/2022\/12\/DSC_9513b-1024x683.jpg\" data-src=\"https:\/\/ofoto.lt\/wp-content\/uploads\/2022\/12\/DSC_9513b-1024x683.jpg\"\/>\n\n\t\t\n\t\t<div class=\"figc\">\n\t\t\t<div class=\"figc-inner\">\n\t\t\t\t\t\t\t\t\t\t\t\t\t\t\t\t<div class=\"jtg-social\">\n\t\t\t\t\t\t\t\t\t\t\t\t\t\t\t\t\t\t\t\t\t\t\t\t\t\t\t\t\t<\/div>\n\t\t\t\t\t\t\t<\/div>\n\t\t<\/div>\n\n\t<\/div>\n\n<\/div><div class=\"modula-item effect-pufrobo\" >\n\t<div class=\"modula-item-overlay\"><\/div>\n\n\t<div class=\"modula-item-content\">\n\n\t\t\t\t\n\t\t\t\t\t<a href=\"https:\/\/ofoto.lt\/wp-content\/uploads\/2022\/12\/DSC_2835c.jpg\" rel=\"jtg-1419\" data-caption=\"Kaimo turizmo sodyba ,,Pas Radvil\u0105&quot;. Kai\u0161iadori\u0173 r., 2022 m.\" class=\"tile-inner modula-item-link\"><\/a>\n\t\t\n\t\t\n\t\t<img decoding=\"async\" class='pic' data-valign=\"middle\" data-halign=\"center\" alt=\"\" src=\"https:\/\/ofoto.lt\/wp-content\/uploads\/2022\/12\/DSC_2835c-1024x683.jpg\" data-src=\"https:\/\/ofoto.lt\/wp-content\/uploads\/2022\/12\/DSC_2835c-1024x683.jpg\"\/>\n\n\t\t\n\t\t<div class=\"figc\">\n\t\t\t<div class=\"figc-inner\">\n\t\t\t\t\t\t\t\t\t\t\t\t\t\t\t\t<div class=\"jtg-social\">\n\t\t\t\t\t\t\t\t\t\t\t\t\t\t\t\t\t\t\t\t\t\t\t\t\t\t\t\t\t<\/div>\n\t\t\t\t\t\t\t<\/div>\n\t\t<\/div>\n\n\t<\/div>\n\n<\/div><div class=\"modula-item effect-pufrobo\" >\n\t<div class=\"modula-item-overlay\"><\/div>\n\n\t<div class=\"modula-item-content\">\n\n\t\t\t\t\n\t\t\t\t\t<a href=\"https:\/\/ofoto.lt\/wp-content\/uploads\/2022\/12\/DSC_0873.jpg\" rel=\"jtg-1419\" data-caption=\"Ka\u010dergin\u0117. Kauno r., 2021 m.\" class=\"tile-inner modula-item-link\"><\/a>\n\t\t\n\t\t\n\t\t<img decoding=\"async\" class='pic' data-valign=\"middle\" data-halign=\"center\" alt=\"\" src=\"https:\/\/ofoto.lt\/wp-content\/uploads\/2022\/12\/DSC_0873-1024x683.jpg\" data-src=\"https:\/\/ofoto.lt\/wp-content\/uploads\/2022\/12\/DSC_0873-1024x683.jpg\"\/>\n\n\t\t\n\t\t<div class=\"figc\">\n\t\t\t<div class=\"figc-inner\">\n\t\t\t\t\t\t\t\t\t\t\t\t\t\t\t\t<div class=\"jtg-social\">\n\t\t\t\t\t\t\t\t\t\t\t\t\t\t\t\t\t\t\t\t\t\t\t\t\t\t\t\t\t<\/div>\n\t\t\t\t\t\t\t<\/div>\n\t\t<\/div>\n\n\t<\/div>\n\n<\/div><div class=\"modula-item effect-pufrobo\" >\n\t<div class=\"modula-item-overlay\"><\/div>\n\n\t<div class=\"modula-item-content\">\n\n\t\t\t\t\n\t\t\t\t\t<a href=\"https:\/\/ofoto.lt\/wp-content\/uploads\/2022\/12\/DSC_4111.jpg\" rel=\"jtg-1419\" data-caption=\"Naujo Str\u016bnai\u010dio \u0160v. apa\u0161tal\u0173 Petro ir Povilo ba\u017eny\u010dia. \u0160ven\u010dioni\u0173 r., 2021 m.\" class=\"tile-inner modula-item-link\"><\/a>\n\t\t\n\t\t\n\t\t<img decoding=\"async\" class='pic' data-valign=\"middle\" data-halign=\"center\" alt=\"\" src=\"https:\/\/ofoto.lt\/wp-content\/uploads\/2022\/12\/DSC_4111-1024x683.jpg\" data-src=\"https:\/\/ofoto.lt\/wp-content\/uploads\/2022\/12\/DSC_4111-1024x683.jpg\"\/>\n\n\t\t\n\t\t<div class=\"figc\">\n\t\t\t<div class=\"figc-inner\">\n\t\t\t\t\t\t\t\t\t\t\t\t\t\t\t\t<div class=\"jtg-social\">\n\t\t\t\t\t\t\t\t\t\t\t\t\t\t\t\t\t\t\t\t\t\t\t\t\t\t\t\t\t<\/div>\n\t\t\t\t\t\t\t<\/div>\n\t\t<\/div>\n\n\t<\/div>\n\n<\/div><div class=\"modula-item effect-pufrobo\" >\n\t<div class=\"modula-item-overlay\"><\/div>\n\n\t<div class=\"modula-item-content\">\n\n\t\t\t\t\n\t\t\t\t\t<a href=\"https:\/\/ofoto.lt\/wp-content\/uploads\/2022\/12\/DSC_5541.jpg\" rel=\"jtg-1419\" data-caption=\"Nam\u0173 kiemas. Panev\u0117\u017eio r., 2021 m.\" class=\"tile-inner modula-item-link\"><\/a>\n\t\t\n\t\t\n\t\t<img decoding=\"async\" class='pic' data-valign=\"middle\" data-halign=\"center\" alt=\"\" src=\"https:\/\/ofoto.lt\/wp-content\/uploads\/2022\/12\/DSC_5541-1024x683.jpg\" data-src=\"https:\/\/ofoto.lt\/wp-content\/uploads\/2022\/12\/DSC_5541-1024x683.jpg\"\/>\n\n\t\t\n\t\t<div class=\"figc\">\n\t\t\t<div class=\"figc-inner\">\n\t\t\t\t\t\t\t\t\t\t\t\t\t\t\t\t<div class=\"jtg-social\">\n\t\t\t\t\t\t\t\t\t\t\t\t\t\t\t\t\t\t\t\t\t\t\t\t\t\t\t\t\t<\/div>\n\t\t\t\t\t\t\t<\/div>\n\t\t<\/div>\n\n\t<\/div>\n\n<\/div><div class=\"modula-item effect-pufrobo\" >\n\t<div class=\"modula-item-overlay\"><\/div>\n\n\t<div class=\"modula-item-content\">\n\n\t\t\t\t\n\t\t\t\t\t<a href=\"https:\/\/ofoto.lt\/wp-content\/uploads\/2022\/12\/DSC_6215.jpg\" rel=\"jtg-1419\" data-caption=\"\u0160alia Kristaus Karaliaus katedros. Panev\u0117\u017eys, 2021 m.\" class=\"tile-inner modula-item-link\"><\/a>\n\t\t\n\t\t\n\t\t<img decoding=\"async\" class='pic' data-valign=\"middle\" data-halign=\"center\" alt=\"\" src=\"https:\/\/ofoto.lt\/wp-content\/uploads\/2022\/12\/DSC_6215-1024x683.jpg\" data-src=\"https:\/\/ofoto.lt\/wp-content\/uploads\/2022\/12\/DSC_6215-1024x683.jpg\"\/>\n\n\t\t\n\t\t<div class=\"figc\">\n\t\t\t<div class=\"figc-inner\">\n\t\t\t\t\t\t\t\t\t\t\t\t\t\t\t\t<div class=\"jtg-social\">\n\t\t\t\t\t\t\t\t\t\t\t\t\t\t\t\t\t\t\t\t\t\t\t\t\t\t\t\t\t<\/div>\n\t\t\t\t\t\t\t<\/div>\n\t\t<\/div>\n\n\t<\/div>\n\n<\/div><div class=\"modula-item effect-pufrobo\" >\n\t<div class=\"modula-item-overlay\"><\/div>\n\n\t<div class=\"modula-item-content\">\n\n\t\t\t\t\n\t\t\t\t\t<a href=\"https:\/\/ofoto.lt\/wp-content\/uploads\/2022\/12\/DSC_6169b.jpg\" rel=\"jtg-1419\" data-caption=\"Poilsio sodyba ,,Devintam Danguj&#039;&#039;. Prien\u0173 r., 2021 m.\" class=\"tile-inner modula-item-link\"><\/a>\n\t\t\n\t\t\n\t\t<img decoding=\"async\" class='pic' data-valign=\"middle\" data-halign=\"center\" alt=\"\" src=\"https:\/\/ofoto.lt\/wp-content\/uploads\/2022\/12\/DSC_6169b-1024x683.jpg\" data-src=\"https:\/\/ofoto.lt\/wp-content\/uploads\/2022\/12\/DSC_6169b-1024x683.jpg\"\/>\n\n\t\t\n\t\t<div class=\"figc\">\n\t\t\t<div class=\"figc-inner\">\n\t\t\t\t\t\t\t\t\t\t\t\t\t\t\t\t<div class=\"jtg-social\">\n\t\t\t\t\t\t\t\t\t\t\t\t\t\t\t\t\t\t\t\t\t\t\t\t\t\t\t\t\t<\/div>\n\t\t\t\t\t\t\t<\/div>\n\t\t<\/div>\n\n\t<\/div>\n\n<\/div><div class=\"modula-item effect-pufrobo\" >\n\t<div class=\"modula-item-overlay\"><\/div>\n\n\t<div class=\"modula-item-content\">\n\n\t\t\t\t\n\t\t\t\t\t<a href=\"https:\/\/ofoto.lt\/wp-content\/uploads\/2023\/09\/DSC_7814b.jpg\" rel=\"jtg-1419\" data-caption=\"\u0160alia \u0161eimos \u0161ven\u010di\u0173 studijos ,,Ore&quot;. Kaunas, 2021 m.\" class=\"tile-inner modula-item-link\"><\/a>\n\t\t\n\t\t\n\t\t<img decoding=\"async\" class='pic' data-valign=\"middle\" data-halign=\"center\" alt=\"\" src=\"https:\/\/ofoto.lt\/wp-content\/uploads\/2023\/09\/DSC_7814b-1024x683.jpg\" data-src=\"https:\/\/ofoto.lt\/wp-content\/uploads\/2023\/09\/DSC_7814b-1024x683.jpg\"\/>\n\n\t\t\n\t\t<div class=\"figc\">\n\t\t\t<div class=\"figc-inner\">\n\t\t\t\t\t\t\t\t\t\t\t\t\t\t\t\t<div class=\"jtg-social\">\n\t\t\t\t\t\t\t\t\t\t\t\t\t\t\t\t\t\t\t\t\t\t\t\t\t\t\t\t\t<\/div>\n\t\t\t\t\t\t\t<\/div>\n\t\t<\/div>\n\n\t<\/div>\n\n<\/div><div class=\"modula-item effect-pufrobo\" >\n\t<div class=\"modula-item-overlay\"><\/div>\n\n\t<div class=\"modula-item-content\">\n\n\t\t\t\t\n\t\t\t\t\t<a href=\"https:\/\/ofoto.lt\/wp-content\/uploads\/2022\/12\/DSC_6067.jpg\" rel=\"jtg-1419\" data-caption=\"\u0160alia vie\u0161bu\u010dio ,,Tyla&quot;. Bir\u017eai, 2022 m.\" class=\"tile-inner modula-item-link\"><\/a>\n\t\t\n\t\t\n\t\t<img decoding=\"async\" class='pic' data-valign=\"middle\" data-halign=\"center\" alt=\"\" src=\"https:\/\/ofoto.lt\/wp-content\/uploads\/2022\/12\/DSC_6067-1024x683.jpg\" data-src=\"https:\/\/ofoto.lt\/wp-content\/uploads\/2022\/12\/DSC_6067-1024x683.jpg\"\/>\n\n\t\t\n\t\t<div class=\"figc\">\n\t\t\t<div class=\"figc-inner\">\n\t\t\t\t\t\t\t\t\t\t\t\t\t\t\t\t<div class=\"jtg-social\">\n\t\t\t\t\t\t\t\t\t\t\t\t\t\t\t\t\t\t\t\t\t\t\t\t\t\t\t\t\t<\/div>\n\t\t\t\t\t\t\t<\/div>\n\t\t<\/div>\n\n\t<\/div>\n\n<\/div>\t\t\n\t<\/div>\n\n\t\n\t\n\t<script type=\"application\/ld+json\">\n\t{\n\t\t\"@context\": \"http:\/\/schema.org\",\n\t\t\"@type\"   : \"ImageGallery\",\n\t\t\"id\"      : \"https:\/\/ofoto.lt\",\n\t\t\"url\"     : \"https:\/\/ofoto.lt\"\n\t}\n\n    <\/script>\n\n\t\n<\/div>","protected":false},"excerpt":{"rendered":"","protected":false},"author":1,"featured_media":0,"parent":0,"menu_order":0,"comment_status":"closed","ping_status":"closed","template":"","meta":{"footnotes":""},"class_list":["post-1417","page","type-page","status-publish","hentry"],"_links":{"self":[{"href":"https:\/\/ofoto.lt\/index.php?rest_route=\/wp\/v2\/pages\/1417","targetHints":{"allow":["GET"]}}],"collection":[{"href":"https:\/\/ofoto.lt\/index.php?rest_route=\/wp\/v2\/pages"}],"about":[{"href":"https:\/\/ofoto.lt\/index.php?rest_route=\/wp\/v2\/types\/page"}],"author":[{"embeddable":true,"href":"https:\/\/ofoto.lt\/index.php?rest_route=\/wp\/v2\/users\/1"}],"replies":[{"embeddable":true,"href":"https:\/\/ofoto.lt\/index.php?rest_route=%2Fwp%2Fv2%2Fcomments&post=1417"}],"version-history":[{"count":6,"href":"https:\/\/ofoto.lt\/index.php?rest_route=\/wp\/v2\/pages\/1417\/revisions"}],"predecessor-version":[{"id":3140,"href":"https:\/\/ofoto.lt\/index.php?rest_route=\/wp\/v2\/pages\/1417\/revisions\/3140"}],"wp:attachment":[{"href":"https:\/\/ofoto.lt\/index.php?rest_route=%2Fwp%2Fv2%2Fmedia&parent=1417"}],"curies":[{"name":"wp","href":"https:\/\/api.w.org\/{rel}","templated":true}]}}